{"id":275314,"date":"2022-07-08T11:23:41","date_gmt":"2022-07-08T16:23:41","guid":{"rendered":"https:\/\/ksi-bogota.com\/uniforme\/"},"modified":"2024-08-23T13:06:46","modified_gmt":"2024-08-23T18:06:46","slug":"uniforme","status":"publish","type":"page","link":"https:\/\/ksi-bogota.com\/es\/uniforme\/","title":{"rendered":"Uniforme"},"content":{"rendered":"<p>[et_pb_section fb_built=\u00bb1&#8243; fullwidth=\u00bbon\u00bb _builder_version=\u00bb4.16&#8243; _module_preset=\u00bbdefault\u00bb da_disable_devices=\u00bboff|off|off\u00bb global_colors_info=\u00bb{}\u00bb da_is_popup=\u00bboff\u00bb da_exit_intent=\u00bboff\u00bb da_has_close=\u00bbon\u00bb da_alt_close=\u00bboff\u00bb da_dark_close=\u00bboff\u00bb da_not_modal=\u00bbon\u00bb da_is_singular=\u00bboff\u00bb da_with_loader=\u00bboff\u00bb da_has_shadow=\u00bbon\u00bb][et_pb_fullwidth_slider _builder_version=\u00bb4.24.2&#8243; _module_preset=\u00bbdefault\u00bb height=\u00bb550px\u00bb height_tablet=\u00bb500px\u00bb height_phone=\u00bb350px\u00bb height_last_edited=\u00bbon|phone\u00bb global_colors_info=\u00bb{}\u00bb][et_pb_slide _builder_version=\u00bb4.24.2&#8243; _module_preset=\u00bbdefault\u00bb background_color=\u00bb#262453&#8243; background_enable_color=\u00bbon\u00bb background_image=\u00bbhttps:\/\/ksi-bogota.com\/\/wp-content\/uploads\/2024\/08\/Uniform.png\u00bb background_enable_image=\u00bbon\u00bb background_position=\u00bbtop_center\u00bb global_colors_info=\u00bb{}\u00bb sticky_transition=\u00bbon\u00bb][\/et_pb_slide][\/et_pb_fullwidth_slider][\/et_pb_section][et_pb_section fb_built=\u00bb1&#8243; _builder_version=\u00bb4.16&#8243; _module_preset=\u00bbdefault\u00bb background_enable_image=\u00bboff\u00bb background_size=\u00bbcontain\u00bb da_disable_devices=\u00bboff|off|off\u00bb global_colors_info=\u00bb{}\u00bb da_is_popup=\u00bboff\u00bb da_exit_intent=\u00bboff\u00bb da_has_close=\u00bbon\u00bb da_alt_close=\u00bboff\u00bb da_dark_close=\u00bboff\u00bb da_not_modal=\u00bbon\u00bb da_is_singular=\u00bboff\u00bb da_with_loader=\u00bboff\u00bb da_has_shadow=\u00bbon\u00bb][et_pb_row column_structure=\u00bb1_2,1_2&#8243; _builder_version=\u00bb4.16&#8243; _module_preset=\u00bbdefault\u00bb custom_padding=\u00bb0px|||||\u00bb global_colors_info=\u00bb{}\u00bb][et_pb_column type=\u00bb1_2&#8243; _builder_version=\u00bb4.16&#8243; _module_preset=\u00bbdefault\u00bb global_colors_info=\u00bb{}\u00bb][et_pb_text _builder_version=\u00bb4.16&#8243; _module_preset=\u00bbdefault\u00bb text_font=\u00bb|600||on|||||\u00bb text_text_color=\u00bb#B30555&#8243; text_font_size=\u00bb12px\u00bb text_letter_spacing=\u00bb1px\u00bb custom_margin=\u00bb||10px||false|false\u00bb global_colors_info=\u00bb{}\u00bb]como nos vestimos[\/et_pb_text][et_pb_text _builder_version=\u00bb4.16&#8243; _module_preset=\u00bbdefault\u00bb custom_margin=\u00bb||10px||false|false\u00bb global_colors_info=\u00bb{}\u00bb]<\/p>\n<h1>Uniforme escolar.<\/h1>\n<p>[\/et_pb_text][et_pb_text _builder_version=\u00bb4.16&#8243; _module_preset=\u00bbdefault\u00bb text_font=\u00bb|300|||||||\u00bb global_colors_info=\u00bb{}\u00bb]<\/p>\n<p><span>En KSI Bogot\u00e1 todos los estudiantes est\u00e1n orgullosos del uniforme. Los uniformes les dan a los estudiantes un sentido de identidad y comunidad. Adem\u00e1s, los estudiantes pueden enfocarse en aprender en comparaci\u00f3n con las \u00faltimas tendencias de moda de sus compa\u00f1eros. El uniforme se suministra a trav\u00e9s del almac\u00e9n Caracolitos y est\u00e1 disponible para su compra en una de las tiendas Caracolitos, que se detallan a continuaci\u00f3n.<\/span><\/p>\n<p>[\/et_pb_text][et_pb_button button_url=\u00bbhttps:\/\/www.caracolitosuniformes.com\/productos.php?colegio=201&#8243; url_new_window=\u00bbon\u00bb button_text=\u00bbcaracolitos uniformes\u00bb button_alignment=\u00bbleft\u00bb _builder_version=\u00bb4.16&#8243; _module_preset=\u00bbdefault\u00bb custom_padding=\u00bb10px|18px|10px|18px|true|true\u00bb button_bg_color_last_edited=\u00bboff|desktop\u00bb custom_css_main_element=\u00bbwidth:100%;||text-align:center;\u00bb global_colors_info=\u00bb{}\u00bb button_bg_color__hover=\u00bb#0098D6&#8243; button_bg_enable_color__hover=\u00bbon\u00bb][\/et_pb_button][et_pb_button button_url=\u00bbhttps:\/\/ksi-bogota.com\/wp-content\/uploads\/2024\/08\/2024-2025_RACPL-08-KSIB-Uniform-Dress-Code.pdf\u00bb url_new_window=\u00bbon\u00bb button_text=\u00bbpol\u00edtica de uniformes escolares 24\/25&#8243; button_alignment=\u00bbleft\u00bb _builder_version=\u00bb4.24.2&#8243; _module_preset=\u00bbdefault\u00bb custom_padding=\u00bb10px|18px|10px|18px|true|true\u00bb hover_enabled=\u00bb0&#8243; button_bg_color_last_edited=\u00bboff|desktop\u00bb custom_css_main_element=\u00bbwidth:100%;||text-align:center;\u00bb global_colors_info=\u00bb{}\u00bb button_bg_color__hover=\u00bb#0098D6&#8243; button_bg_enable_color__hover=\u00bbon\u00bb sticky_enabled=\u00bb0&#8243;][\/et_pb_button][\/et_pb_column][et_pb_column type=\u00bb1_2&#8243; _builder_version=\u00bb4.16&#8243; _module_preset=\u00bbdefault\u00bb global_colors_info=\u00bb{}\u00bb][et_pb_image src=\u00bbhttps:\/\/ksi-bogota.com\/\/wp-content\/uploads\/2023\/07\/Uniforme-Knightsbridge-Schools-International-Bogota_page-0001.jpg\u00bb title_text=\u00bbUniforme Knightsbridge Schools International Bogota\u0301 Page 0001&#8243; _builder_version=\u00bb4.20.1&#8243; _module_preset=\u00bbdefault\u00bb border_radii=\u00bboff|50px|||\u00bb global_colors_info=\u00bb{}\u00bb][\/et_pb_image][et_pb_image src=\u00bbhttps:\/\/ksi-bogota.com\/\/wp-content\/uploads\/2023\/07\/Uniforme-Knightsbridge-Schools-International-Bogota_page-0002.jpg\u00bb title_text=\u00bbUniforme Knightsbridge Schools International Bogota\u0301 Page 0002&#8243; _builder_version=\u00bb4.20.1&#8243; _module_preset=\u00bbdefault\u00bb border_radii=\u00bboff|50px|||\u00bb global_colors_info=\u00bb{}\u00bb][\/et_pb_image][\/et_pb_column][\/et_pb_row][\/et_pb_section]<\/p>\n","protected":false},"excerpt":{"rendered":"<p>como nos vestimosUniforme escolar.En KSI Bogot\u00e1 todos los estudiantes est\u00e1n orgullosos del uniforme. Los uniformes les dan a los estudiantes un sentido de identidad y comunidad. Adem\u00e1s, los estudiantes pueden [&hellip;]<\/p>\n","protected":false},"author":15,"featured_media":0,"parent":0,"menu_order":0,"comment_status":"closed","ping_status":"closed","template":"","meta":{"_acf_changed":false,"_et_pb_use_builder":"on","_et_pb_old_content":"","_et_gb_content_width":"","footnotes":""},"class_list":["post-275314","page","type-page","status-publish","hentry"],"acf":[],"aioseo_notices":[],"jetpack_sharing_enabled":true,"_links":{"self":[{"href":"https:\/\/ksi-bogota.com\/es\/wp-json\/wp\/v2\/pages\/275314","targetHints":{"allow":["GET"]}}],"collection":[{"href":"https:\/\/ksi-bogota.com\/es\/wp-json\/wp\/v2\/pages"}],"about":[{"href":"https:\/\/ksi-bogota.com\/es\/wp-json\/wp\/v2\/types\/page"}],"author":[{"embeddable":true,"href":"https:\/\/ksi-bogota.com\/es\/wp-json\/wp\/v2\/users\/15"}],"replies":[{"embeddable":true,"href":"https:\/\/ksi-bogota.com\/es\/wp-json\/wp\/v2\/comments?post=275314"}],"version-history":[{"count":4,"href":"https:\/\/ksi-bogota.com\/es\/wp-json\/wp\/v2\/pages\/275314\/revisions"}],"predecessor-version":[{"id":299051,"href":"https:\/\/ksi-bogota.com\/es\/wp-json\/wp\/v2\/pages\/275314\/revisions\/299051"}],"wp:attachment":[{"href":"https:\/\/ksi-bogota.com\/es\/wp-json\/wp\/v2\/media?parent=275314"}],"curies":[{"name":"wp","href":"https:\/\/api.w.org\/{rel}","templated":true}]}}