{"id":275312,"date":"2022-07-08T10:55:46","date_gmt":"2022-07-08T15:55:46","guid":{"rendered":"https:\/\/ksi-bogota.com\/un-dia-tipico\/"},"modified":"2025-08-19T09:44:29","modified_gmt":"2025-08-19T14:44:29","slug":"un-dia-tipico","status":"publish","type":"page","link":"https:\/\/ksi-bogota.com\/es\/un-dia-tipico\/","title":{"rendered":"Un d\u00eda t\u00edpico"},"content":{"rendered":"<p>[et_pb_section fb_built=&#8221;1&#8243; fullwidth=&#8221;on&#8221; _builder_version=&#8221;4.16&#8243; _module_preset=&#8221;default&#8221; da_disable_devices=&#8221;off|off|off&#8221; global_colors_info=&#8221;{}&#8221; da_is_popup=&#8221;off&#8221; da_exit_intent=&#8221;off&#8221; da_has_close=&#8221;on&#8221; da_alt_close=&#8221;off&#8221; da_dark_close=&#8221;off&#8221; da_not_modal=&#8221;on&#8221; da_is_singular=&#8221;off&#8221; da_with_loader=&#8221;off&#8221; da_has_shadow=&#8221;on&#8221;][et_pb_fullwidth_slider _builder_version=&#8221;4.24.2&#8243; _module_preset=&#8221;default&#8221; height=&#8221;550px&#8221; height_tablet=&#8221;500px&#8221; height_phone=&#8221;350px&#8221; height_last_edited=&#8221;on|phone&#8221; global_colors_info=&#8221;{}&#8221;][et_pb_slide _builder_version=&#8221;4.24.2&#8243; _module_preset=&#8221;default&#8221; background_color=&#8221;#262453&#8243; background_enable_color=&#8221;on&#8221; background_image=&#8221;https:\/\/ksi-bogota.com\/wp-content\/uploads\/2024\/08\/Typical-day.png&#8221; background_enable_image=&#8221;on&#8221; global_colors_info=&#8221;{}&#8221; sticky_transition=&#8221;on&#8221;][\/et_pb_slide][\/et_pb_fullwidth_slider][\/et_pb_section][et_pb_section fb_built=&#8221;1&#8243; _builder_version=&#8221;4.16&#8243; _module_preset=&#8221;default&#8221; da_disable_devices=&#8221;off|off|off&#8221; global_colors_info=&#8221;{}&#8221; da_is_popup=&#8221;off&#8221; da_exit_intent=&#8221;off&#8221; da_has_close=&#8221;on&#8221; da_alt_close=&#8221;off&#8221; da_dark_close=&#8221;off&#8221; da_not_modal=&#8221;on&#8221; da_is_singular=&#8221;off&#8221; da_with_loader=&#8221;off&#8221; da_has_shadow=&#8221;on&#8221;][et_pb_row column_structure=&#8221;1_2,1_2&#8243; use_custom_gutter=&#8221;on&#8221; make_equal=&#8221;on&#8221; _builder_version=&#8221;4.16&#8243; _module_preset=&#8221;default&#8221; width_tablet=&#8221;80%&#8221; width_phone=&#8221;80%&#8221; width_last_edited=&#8221;on|phone&#8221; custom_padding=&#8221;0px||0px|||&#8221; global_colors_info=&#8221;{}&#8221;][et_pb_column type=&#8221;1_2&#8243; _builder_version=&#8221;4.16&#8243; _module_preset=&#8221;default&#8221; global_colors_info=&#8221;{}&#8221;][et_pb_text _builder_version=&#8221;4.16&#8243; _module_preset=&#8221;default&#8221; text_font=&#8221;|600||on|||||&#8221; text_text_color=&#8221;#B30555&#8243; text_font_size=&#8221;12px&#8221; text_letter_spacing=&#8221;1px&#8221; custom_margin=&#8221;||10px||false|false&#8221; global_colors_info=&#8221;{}&#8221;]Un d\u00eda t\u00edpico[\/et_pb_text][et_pb_text _builder_version=&#8221;4.16&#8243; _module_preset=&#8221;default&#8221; custom_margin=&#8221;||10px||false|false&#8221; global_colors_info=&#8221;{}&#8221;]<\/p>\n<h1>C\u00f3mo se ve nuestro d\u00eda escolar.<\/h1>\n<p>[\/et_pb_text][\/et_pb_column][et_pb_column type=&#8221;1_2&#8243; _builder_version=&#8221;4.16&#8243; _module_preset=&#8221;default&#8221; custom_padding=&#8221;|150px|||false|false&#8221; custom_padding_tablet=&#8221;|0px|||false|false&#8221; custom_padding_phone=&#8221;|0px|||false|false&#8221; custom_padding_last_edited=&#8221;on|phone&#8221; custom_css_main_element=&#8221;margin:auto;&#8221; global_colors_info=&#8221;{}&#8221;][\/et_pb_column][\/et_pb_row][et_pb_row _builder_version=&#8221;4.16&#8243; _module_preset=&#8221;default&#8221; custom_padding=&#8221;||||false|false&#8221; global_colors_info=&#8221;{}&#8221;][et_pb_column type=&#8221;4_4&#8243; _builder_version=&#8221;4.16&#8243; _module_preset=&#8221;default&#8221; global_colors_info=&#8221;{}&#8221;][et_pb_toggle title=&#8221;Llegada&#8221; open=&#8221;on&#8221; open_toggle_text_color=&#8221;#B30555&#8243; open_toggle_background_color=&#8221;#F3F3F3&#8243; closed_toggle_text_color=&#8221;#B30555&#8243; closed_toggle_background_color=&#8221;#F3F3F3&#8243; icon_color=&#8221;#B30555&#8243; _builder_version=&#8221;4.27.4&#8243; _module_preset=&#8221;default&#8221; title_text_color=&#8221;#262453&#8243; closed_title_font=&#8221;|300|||||||&#8221; body_font=&#8221;|300|||||||&#8221; border_radii=&#8221;on|10px|10px|10px|10px&#8221; border_width_all=&#8221;0px&#8221; global_colors_info=&#8221;{}&#8221;]<\/p>\n<p>Las puertas del colegio abren a las 6:55 am y se espera que los estudiantes lleguen a m\u00e1s tardar a las 7:25 am. El servicio de bus escolar funciona por la ma\u00f1ana y por la tarde tanto para los estudiantes, como para el personal. Tambi\u00e9n hay un amplio estacionamiento en el colegio y los padres deben dejar a sus hijos al interior del colegio en la zona destinada para dejar y recoger a los estudiantes.<\/p>\n<p>[\/et_pb_toggle][et_pb_toggle title=&#8221;Clases&#8221; open=&#8221;on&#8221; open_toggle_text_color=&#8221;#B30555&#8243; open_toggle_background_color=&#8221;#F3F3F3&#8243; closed_toggle_text_color=&#8221;#B30555&#8243; closed_toggle_background_color=&#8221;#F3F3F3&#8243; icon_color=&#8221;#B30555&#8243; _builder_version=&#8221;4.27.4&#8243; _module_preset=&#8221;default&#8221; title_text_color=&#8221;#262453&#8243; closed_title_font=&#8221;|300|||||||&#8221; body_font=&#8221;|300|||||||&#8221; border_radii=&#8221;on|10px|10px|10px|10px&#8221; border_width_all=&#8221;0px&#8221; global_colors_info=&#8221;{}&#8221;]<\/p>\n<p>Los estudiantes comienzan el d\u00eda escolar a las 7:30 am todos los d\u00edas. La ma\u00f1ana comienza con direcci\u00f3n de grupo de diez minutos en el sal\u00f3n de clases donde el director de grupo toma lista, comparte las novedades del d\u00eda y hace un primer ejercicio de atenci\u00f3n plena (mindfulness) &#8211; (primaria).<\/p>\n<p>Los estudiantes de KSI Bogot\u00e1 se benefician de clases estructuradas, siguiendo un horario de rotaci\u00f3n de seis d\u00edas. En lugar de definir una semana de lunes a viernes, se necesitan seis d\u00edas para completar un ciclo (etiquetado como 1, 2, 3, 4, 5, 6). Por lo tanto, el d\u00eda 1 podr\u00eda caer un lunes una semana y el siguiente ciclo podr\u00eda caer un martes. En nuestro calendario escolar aparece el d\u00eda del ciclo cada d\u00eda de la semana.<\/p>\n<p>Los estudiantes de preescolar y primaria siguen el mismo horario, mientras que los de secundaria tienen un horario diferente.<\/p>\n<p>[\/et_pb_toggle][et_pb_toggle title=&#8221;Almuerzos y Recreos&#8221; open=&#8221;on&#8221; open_toggle_text_color=&#8221;#B30555&#8243; open_toggle_background_color=&#8221;#F3F3F3&#8243; closed_toggle_text_color=&#8221;#B30555&#8243; closed_toggle_background_color=&#8221;#F3F3F3&#8243; icon_color=&#8221;#B30555&#8243; _builder_version=&#8221;4.27.4&#8243; _module_preset=&#8221;default&#8221; title_text_color=&#8221;#262453&#8243; closed_title_font=&#8221;|300|||||||&#8221; body_font=&#8221;|300|||||||&#8221; border_radii=&#8221;on|10px|10px|10px|10px&#8221; border_width_all=&#8221;0px&#8221; global_colors_info=&#8221;{}&#8221;]<\/p>\n<p>Los estudiantes toman un descanso matutino de veinte minutos a las 9:00 am, donde se les da un refrigerio ligero y la oportunidad de jugar al aire libre.<\/p>\n<p>Se sirve un almuerzo caliente y saludable en la cafeter\u00eda a las 11:35 am. Los estudiantes de preescolar y primaria comen primero y luego los de secundaria a las 12:00. Despu\u00e9s del almuerzo, los estudiantes toman un recreo que les da la oportunidad de mezclarse con otros ni\u00f1os en el campus del colegio y jugar.<\/p>\n<p>[\/et_pb_toggle][et_pb_toggle title=&#8221;Salida&#8221; open=&#8221;on&#8221; open_toggle_text_color=&#8221;#B30555&#8243; open_toggle_background_color=&#8221;#F3F3F3&#8243; closed_toggle_text_color=&#8221;#B30555&#8243; closed_toggle_background_color=&#8221;#F3F3F3&#8243; icon_color=&#8221;#B30555&#8243; _builder_version=&#8221;4.27.4&#8243; _module_preset=&#8221;default&#8221; title_text_color=&#8221;#262453&#8243; closed_title_font=&#8221;|300|||||||&#8221; body_font=&#8221;|300|||||||&#8221; border_radii=&#8221;on|10px|10px|10px|10px&#8221; border_width_all=&#8221;0px&#8221; global_colors_info=&#8221;{}&#8221;]<\/p>\n<p>El d\u00eda escolar termina a las 2:00 para todos los estudiantes y los buses escolares salen puntualmente a las 2:05.<\/p>\n<p>[\/et_pb_toggle][et_pb_toggle title=&#8221;Despu\u00e9s del colegio&#8221; open=&#8221;on&#8221; open_toggle_text_color=&#8221;#B30555&#8243; open_toggle_background_color=&#8221;#F3F3F3&#8243; closed_toggle_text_color=&#8221;#B30555&#8243; closed_toggle_background_color=&#8221;#F3F3F3&#8243; icon_color=&#8221;#B30555&#8243; _builder_version=&#8221;4.18.0&#8243; _module_preset=&#8221;default&#8221; title_text_color=&#8221;#262453&#8243; closed_title_font=&#8221;|300|||||||&#8221; body_font=&#8221;|300|||||||&#8221; border_radii=&#8221;on|10px|10px|10px|10px&#8221; border_width_all=&#8221;0px&#8221; global_colors_info=&#8221;{}&#8221;]<\/p>\n<p>Las actividades co-curriculares se ofrecen a los estudiantes de preescolar y primaria y se llevan a cabo una vez a la semana durante un per\u00edodo de 10 semanas durante los dos \u00faltimos per\u00edodos.<\/p>\n<p>Los estudiantes de secundaria pueden seleccionar entre una variedad de actividades extracurriculares que cambian trimestralmente y comienzan despu\u00e9s del horario escolar.<\/p>\n<p>[\/et_pb_toggle][\/et_pb_column][\/et_pb_row][\/et_pb_section][et_pb_section fb_built=&#8221;1&#8243; _builder_version=&#8221;4.16&#8243; _module_preset=&#8221;default&#8221; custom_padding=&#8221;0px||0px|||&#8221; da_disable_devices=&#8221;off|off|off&#8221; global_colors_info=&#8221;{}&#8221; da_is_popup=&#8221;off&#8221; da_exit_intent=&#8221;off&#8221; da_has_close=&#8221;on&#8221; da_alt_close=&#8221;off&#8221; da_dark_close=&#8221;off&#8221; da_not_modal=&#8221;on&#8221; da_is_singular=&#8221;off&#8221; da_with_loader=&#8221;off&#8221; da_has_shadow=&#8221;on&#8221;][et_pb_row _builder_version=&#8221;4.16&#8243; _module_preset=&#8221;default&#8221; width=&#8221;100%&#8221; max_width=&#8221;100%&#8221; custom_padding=&#8221;||0px|||&#8221; global_colors_info=&#8221;{}&#8221;][et_pb_column type=&#8221;4_4&#8243; _builder_version=&#8221;4.16&#8243; _module_preset=&#8221;default&#8221; global_colors_info=&#8221;{}&#8221;][difl_imageaccordion event_type=&#8221;mouseover&#8221; _builder_version=&#8221;4.24.2&#8243; _module_preset=&#8221;default&#8221; global_colors_info=&#8221;{}&#8221; event_type__hover=&#8221;1px||||false|false&#8221; event_type__hover_enabled=&#8221;on|hover&#8221;][difl_imageaccordionitem ia_image_background_image=&#8221;https:\/\/ksi-bogota.com\/\/wp-content\/uploads\/2024\/08\/Admissions-picture.png&#8221; ia_button_button_url_new_window=&#8221;1&#8243; _builder_version=&#8221;4.24.2&#8243; _module_preset=&#8221;default&#8221; global_colors_info=&#8221;{}&#8221;][\/difl_imageaccordionitem][difl_imageaccordionitem ia_image_background_image=&#8221;https:\/\/ksi-bogota.com\/\/wp-content\/uploads\/2024\/08\/Learning-enrichment-ESL.png&#8221; ia_button_button_url_new_window=&#8221;1&#8243; _builder_version=&#8221;4.24.2&#8243; _module_preset=&#8221;default&#8221; global_colors_info=&#8221;{}&#8221;][\/difl_imageaccordionitem][difl_imageaccordionitem ia_image_background_image=&#8221;https:\/\/ksi-bogota.com\/\/wp-content\/uploads\/2024\/08\/Well-being-picture.png&#8221; ia_button_button_url_new_window=&#8221;1&#8243; _builder_version=&#8221;4.24.2&#8243; _module_preset=&#8221;default&#8221; global_colors_info=&#8221;{}&#8221;][\/difl_imageaccordionitem][\/difl_imageaccordion][\/et_pb_column][\/et_pb_row][\/et_pb_section]<\/p>\n","protected":false},"excerpt":{"rendered":"<p>Un d\u00eda t\u00edpicoC\u00f3mo se ve nuestro d\u00eda escolar. Las puertas del colegio abren a las 6:55 am y se espera que los estudiantes lleguen a m\u00e1s tardar a las 7:25 [&hellip;]<\/p>\n","protected":false},"author":2,"featured_media":0,"parent":0,"menu_order":0,"comment_status":"closed","ping_status":"closed","template":"","meta":{"_acf_changed":false,"nf_dc_page":"","_et_pb_use_builder":"on","_et_pb_old_content":"","_et_gb_content_width":"","om_disable_all_campaigns":false,"_monsterinsights_skip_tracking":false,"_monsterinsights_sitenote_active":false,"_monsterinsights_sitenote_note":"","_monsterinsights_sitenote_category":0,"footnotes":""},"class_list":["post-275312","page","type-page","status-publish","hentry"],"acf":[],"aioseo_notices":[],"yoast_head":"<!-- This site is optimized with the Yoast SEO Premium plugin v26.8 (Yoast SEO v26.9) - https:\/\/yoast.com\/product\/yoast-seo-premium-wordpress\/ -->\n<title>Un d\u00eda t\u00edpico - KSI Bogota<\/title>\n<meta name=\"robots\" content=\"index, follow, max-snippet:-1, max-image-preview:large, max-video-preview:-1\" \/>\n<link rel=\"canonical\" href=\"https:\/\/ksi-bogota.com\/es\/un-dia-tipico\/\" \/>\n<meta property=\"og:locale\" content=\"es_ES\" \/>\n<meta property=\"og:type\" content=\"article\" \/>\n<meta property=\"og:title\" content=\"Un d\u00eda t\u00edpico\" \/>\n<meta property=\"og:description\" content=\"Un d\u00eda t\u00edpicoC\u00f3mo se ve nuestro d\u00eda escolar. Las puertas del colegio abren a las 6:55 am y se espera que los estudiantes lleguen a m\u00e1s tardar a las 7:25 [&hellip;]\" \/>\n<meta property=\"og:site_name\" content=\"KSI Bogota\" \/>\n<meta property=\"article:modified_time\" content=\"2025-08-19T14:44:29+00:00\" \/>\n<meta name=\"twitter:card\" content=\"summary_large_image\" \/>\n<meta name=\"twitter:label1\" content=\"Tiempo de lectura\" \/>\n\t<meta name=\"twitter:data1\" content=\"7 minutos\" \/>\n<script type=\"application\/ld+json\" class=\"yoast-schema-graph\">{\"@context\":\"https:\/\/schema.org\",\"@graph\":[{\"@type\":\"WebPage\",\"@id\":\"https:\/\/ksi-bogota.com\/es\/un-dia-tipico\/\",\"url\":\"https:\/\/ksi-bogota.com\/es\/un-dia-tipico\/\",\"name\":\"Un d\u00eda t\u00edpico - KSI Bogota\",\"isPartOf\":{\"@id\":\"https:\/\/ksi-bogota.com\/#website\"},\"datePublished\":\"2022-07-08T15:55:46+00:00\",\"dateModified\":\"2025-08-19T14:44:29+00:00\",\"breadcrumb\":{\"@id\":\"https:\/\/ksi-bogota.com\/es\/un-dia-tipico\/#breadcrumb\"},\"inLanguage\":\"es\",\"potentialAction\":[{\"@type\":\"ReadAction\",\"target\":[\"https:\/\/ksi-bogota.com\/es\/un-dia-tipico\/\"]}]},{\"@type\":\"BreadcrumbList\",\"@id\":\"https:\/\/ksi-bogota.com\/es\/un-dia-tipico\/#breadcrumb\",\"itemListElement\":[{\"@type\":\"ListItem\",\"position\":1,\"name\":\"Home\",\"item\":\"https:\/\/ksi-bogota.com\/es\/\"},{\"@type\":\"ListItem\",\"position\":2,\"name\":\"Un d\u00eda t\u00edpico\"}]},{\"@type\":\"WebSite\",\"@id\":\"https:\/\/ksi-bogota.com\/#website\",\"url\":\"https:\/\/ksi-bogota.com\/\",\"name\":\"KSI Bogota\",\"description\":\"Welcome to our World\",\"potentialAction\":[{\"@type\":\"SearchAction\",\"target\":{\"@type\":\"EntryPoint\",\"urlTemplate\":\"https:\/\/ksi-bogota.com\/?s={search_term_string}\"},\"query-input\":{\"@type\":\"PropertyValueSpecification\",\"valueRequired\":true,\"valueName\":\"search_term_string\"}}],\"inLanguage\":\"es\"}]}<\/script>\n<!-- \/ Yoast SEO Premium plugin. -->","yoast_head_json":{"title":"Un d\u00eda t\u00edpico - KSI Bogota","robots":{"index":"index","follow":"follow","max-snippet":"max-snippet:-1","max-image-preview":"max-image-preview:large","max-video-preview":"max-video-preview:-1"},"canonical":"https:\/\/ksi-bogota.com\/es\/un-dia-tipico\/","og_locale":"es_ES","og_type":"article","og_title":"Un d\u00eda t\u00edpico","og_description":"Un d\u00eda t\u00edpicoC\u00f3mo se ve nuestro d\u00eda escolar. Las puertas del colegio abren a las 6:55 am y se espera que los estudiantes lleguen a m\u00e1s tardar a las 7:25 [&hellip;]","og_site_name":"KSI Bogota","article_modified_time":"2025-08-19T14:44:29+00:00","twitter_card":"summary_large_image","twitter_misc":{"Tiempo de lectura":"7 minutos"},"schema":{"@context":"https:\/\/schema.org","@graph":[{"@type":"WebPage","@id":"https:\/\/ksi-bogota.com\/es\/un-dia-tipico\/","url":"https:\/\/ksi-bogota.com\/es\/un-dia-tipico\/","name":"Un d\u00eda t\u00edpico - KSI Bogota","isPartOf":{"@id":"https:\/\/ksi-bogota.com\/#website"},"datePublished":"2022-07-08T15:55:46+00:00","dateModified":"2025-08-19T14:44:29+00:00","breadcrumb":{"@id":"https:\/\/ksi-bogota.com\/es\/un-dia-tipico\/#breadcrumb"},"inLanguage":"es","potentialAction":[{"@type":"ReadAction","target":["https:\/\/ksi-bogota.com\/es\/un-dia-tipico\/"]}]},{"@type":"BreadcrumbList","@id":"https:\/\/ksi-bogota.com\/es\/un-dia-tipico\/#breadcrumb","itemListElement":[{"@type":"ListItem","position":1,"name":"Home","item":"https:\/\/ksi-bogota.com\/es\/"},{"@type":"ListItem","position":2,"name":"Un d\u00eda t\u00edpico"}]},{"@type":"WebSite","@id":"https:\/\/ksi-bogota.com\/#website","url":"https:\/\/ksi-bogota.com\/","name":"KSI Bogota","description":"Welcome to our World","potentialAction":[{"@type":"SearchAction","target":{"@type":"EntryPoint","urlTemplate":"https:\/\/ksi-bogota.com\/?s={search_term_string}"},"query-input":{"@type":"PropertyValueSpecification","valueRequired":true,"valueName":"search_term_string"}}],"inLanguage":"es"}]}},"jetpack_sharing_enabled":true,"_links":{"self":[{"href":"https:\/\/ksi-bogota.com\/es\/wp-json\/wp\/v2\/pages\/275312","targetHints":{"allow":["GET"]}}],"collection":[{"href":"https:\/\/ksi-bogota.com\/es\/wp-json\/wp\/v2\/pages"}],"about":[{"href":"https:\/\/ksi-bogota.com\/es\/wp-json\/wp\/v2\/types\/page"}],"author":[{"embeddable":true,"href":"https:\/\/ksi-bogota.com\/es\/wp-json\/wp\/v2\/users\/2"}],"replies":[{"embeddable":true,"href":"https:\/\/ksi-bogota.com\/es\/wp-json\/wp\/v2\/comments?post=275312"}],"version-history":[{"count":4,"href":"https:\/\/ksi-bogota.com\/es\/wp-json\/wp\/v2\/pages\/275312\/revisions"}],"predecessor-version":[{"id":297591,"href":"https:\/\/ksi-bogota.com\/es\/wp-json\/wp\/v2\/pages\/275312\/revisions\/297591"}],"wp:attachment":[{"href":"https:\/\/ksi-bogota.com\/es\/wp-json\/wp\/v2\/media?parent=275312"}],"curies":[{"name":"wp","href":"https:\/\/api.w.org\/{rel}","templated":true}]}}