{"id":275305,"date":"2022-07-08T10:06:53","date_gmt":"2022-07-08T15:06:53","guid":{"rendered":"https:\/\/ksi-bogota.com\/aplica-ya\/"},"modified":"2024-08-12T12:32:18","modified_gmt":"2024-08-12T17:32:18","slug":"proceso-de-admision","status":"publish","type":"page","link":"https:\/\/ksi-bogota.com\/es\/proceso-de-admision\/","title":{"rendered":"Proceso de admisi\u00f3n"},"content":{"rendered":"<p>[et_pb_section fb_built=\u00bb1&#8243; fullwidth=\u00bbon\u00bb _builder_version=\u00bb4.16&#8243; _module_preset=\u00bbdefault\u00bb da_disable_devices=\u00bboff|off|off\u00bb global_colors_info=\u00bb{}\u00bb da_is_popup=\u00bboff\u00bb da_exit_intent=\u00bboff\u00bb da_has_close=\u00bbon\u00bb da_alt_close=\u00bboff\u00bb da_dark_close=\u00bboff\u00bb da_not_modal=\u00bbon\u00bb da_is_singular=\u00bboff\u00bb da_with_loader=\u00bboff\u00bb da_has_shadow=\u00bbon\u00bb][et_pb_fullwidth_slider _builder_version=\u00bb4.24.2&#8243; _module_preset=\u00bbdefault\u00bb height=\u00bb550px\u00bb height_tablet=\u00bb500px\u00bb height_phone=\u00bb350px\u00bb height_last_edited=\u00bbon|phone\u00bb global_colors_info=\u00bb{}\u00bb][et_pb_slide _builder_version=\u00bb4.24.2&#8243; _module_preset=\u00bbdefault\u00bb background_color=\u00bb#262453&#8243; background_enable_color=\u00bbon\u00bb background_image=\u00bbhttps:\/\/ksi-bogota.com\/\/wp-content\/uploads\/2024\/08\/Admissions-process.png\u00bb background_enable_image=\u00bbon\u00bb global_colors_info=\u00bb{}\u00bb sticky_transition=\u00bbon\u00bb][\/et_pb_slide][\/et_pb_fullwidth_slider][\/et_pb_section][et_pb_section fb_built=\u00bb1&#8243; _builder_version=\u00bb4.16&#8243; _module_preset=\u00bbdefault\u00bb da_disable_devices=\u00bboff|off|off\u00bb global_colors_info=\u00bb{}\u00bb da_is_popup=\u00bboff\u00bb da_exit_intent=\u00bboff\u00bb da_has_close=\u00bbon\u00bb da_alt_close=\u00bboff\u00bb da_dark_close=\u00bboff\u00bb da_not_modal=\u00bbon\u00bb da_is_singular=\u00bboff\u00bb da_with_loader=\u00bboff\u00bb da_has_shadow=\u00bbon\u00bb][et_pb_row column_structure=\u00bb1_2,1_2&#8243; use_custom_gutter=\u00bbon\u00bb make_equal=\u00bbon\u00bb _builder_version=\u00bb4.16&#8243; _module_preset=\u00bbdefault\u00bb width=\u00bb100%\u00bb width_tablet=\u00bb80%\u00bb width_phone=\u00bb80%\u00bb width_last_edited=\u00bbon|phone\u00bb max_width=\u00bb100%\u00bb custom_padding=\u00bb0px||0px|||\u00bb global_colors_info=\u00bb{}\u00bb][et_pb_column type=\u00bb1_2&#8243; _builder_version=\u00bb4.16&#8243; _module_preset=\u00bbdefault\u00bb global_colors_info=\u00bb{}\u00bb][difl_hoverbox hb_btn_button_url_new_window=\u00bb1&#8243; hb_btn_button_align=\u00bbcenter\u00bb button_on_hover=\u00bbon\u00bb anim_direction=\u00bbcenter\u00bb hb_btn_background_bgcolor=\u00bb#262453&#8243; hb_background_background_image=\u00bbhttps:\/\/ksi-bogota.com\/\/wp-content\/uploads\/2024\/08\/Admissions-process-picture.png\u00bb vertical_align=\u00bbcenter\u00bb button_padding=\u00bb10px|20px|10px|20px|false|true\u00bb disabled_on=\u00bbon|off|off\u00bb _builder_version=\u00bb4.24.2&#8243; _module_preset=\u00bbdefault\u00bb button_font=\u00bb|600||on|||||\u00bb button_text_align=\u00bbcenter\u00bb button_text_color=\u00bb#F3F3F3&#8243; button_letter_spacing=\u00bb1px\u00bb text_orientation=\u00bbcenter\u00bb height=\u00bb450px\u00bb border_radii=\u00bboff||50px||\u00bb border_radii_tablet=\u00bboff||0px||\u00bb border_radii_phone=\u00bboff||0px||\u00bb border_radii_last_edited=\u00bbon|tablet\u00bb border_radii_button=\u00bbon|5px|5px|5px|5px\u00bb border_width_all_button=\u00bb1px\u00bb border_color_all_button=\u00bb#F3F3F3&#8243; global_colors_info=\u00bb{}\u00bb][\/difl_hoverbox][\/et_pb_column][et_pb_column type=\u00bb1_2&#8243; _builder_version=\u00bb4.16&#8243; _module_preset=\u00bbdefault\u00bb custom_padding=\u00bb|150px|||false|false\u00bb custom_padding_tablet=\u00bb|0px|||false|false\u00bb custom_padding_phone=\u00bb|0px|||false|false\u00bb custom_padding_last_edited=\u00bbon|phone\u00bb custom_css_main_element=\u00bbmargin:auto;\u00bb global_colors_info=\u00bb{}\u00bb][et_pb_text _builder_version=\u00bb4.20.1&#8243; _module_preset=\u00bbdefault\u00bb text_font=\u00bb|600||on|||||\u00bb text_text_color=\u00bb#B30555&#8243; text_font_size=\u00bb12px\u00bb text_letter_spacing=\u00bb1px\u00bb custom_margin=\u00bb||10px||false|false\u00bb global_colors_info=\u00bb{}\u00bb]<\/p>\n<p>Admisiones abiertas 2023\/24<\/p>\n<p>[\/et_pb_text][et_pb_text _builder_version=\u00bb4.16&#8243; _module_preset=\u00bbdefault\u00bb header_3_line_height=\u00bb1.2em\u00bb custom_margin=\u00bb||10px||false|false\u00bb global_colors_info=\u00bb{}\u00bb]<\/p>\n<h3>En KSI Bogot\u00e1 nos tomamos el tiempo para conocer a cada familia y asegurarnos de que todos nuestros ni\u00f1os se sientan c\u00f3modos y felices en el colegio.<\/h3>\n<p>[\/et_pb_text][et_pb_text _builder_version=\u00bb4.16&#8243; _module_preset=\u00bbdefault\u00bb text_font=\u00bb|300|||||||\u00bb global_colors_info=\u00bb{}\u00bb]Estamos comprometidos a brindar la mejor educaci\u00f3n para su hijo y tratamos a cada ni\u00f1o como un individuo \u00fanico. KSI Bogot\u00e1 es un Colegio de la organizaci\u00f3n Mundial del Bachillerato Internacional para estudiantes de 4 a 18 a\u00f1os. El colegio sigue el Programa de la Escuela Primaria y el Programa del Diploma del IB y la mayor\u00eda de las clases se imparten en ingl\u00e9s.<\/p>\n<p>Ubicados en el norte de Bogot\u00e1 en un campus grande y espacioso, nuestros estudiantes tienen acceso a una excelente variedad de instalaciones en un entorno seguro y protegido. El tama\u00f1o de las clases se mantiene peque\u00f1o para proporcionar un entorno de aprendizaje \u00edntimo que permita a los estudiantes desarrollar su confianza.[\/et_pb_text][et_pb_button button_url=\u00bbhttps:\/\/ksi-bogota.com\/\/wp-content\/uploads\/2024\/01\/KSI_prospectus_2024_espanol.pdf\u00bb url_new_window=\u00bbon\u00bb button_text=\u00bbDescargar folleto\u00bb _builder_version=\u00bb4.23.1&#8243; _module_preset=\u00bbdefault\u00bb global_colors_info=\u00bb{}\u00bb][\/et_pb_button][difl_hoverbox hb_btn_button_url_new_window=\u00bb1&#8243; hb_btn_button_align=\u00bbcenter\u00bb button_on_hover=\u00bbon\u00bb anim_direction=\u00bbcenter\u00bb hb_btn_background_bgcolor=\u00bb#262453&#8243; hb_background_background_image=\u00bbhttps:\/\/ksi-bogota.com\/\/wp-content\/uploads\/2022\/07\/image4.jpg\u00bb vertical_align=\u00bbcenter\u00bb button_padding=\u00bb10px|20px|10px|20px|false|true\u00bb disabled_on=\u00bboff|off|on\u00bb _builder_version=\u00bb4.18.0&#8243; _module_preset=\u00bbdefault\u00bb button_font=\u00bb|600||on|||||\u00bb button_text_align=\u00bbcenter\u00bb button_text_color=\u00bb#F3F3F3&#8243; button_letter_spacing=\u00bb1px\u00bb text_orientation=\u00bbcenter\u00bb height=\u00bb450px\u00bb border_radii=\u00bboff||50px||\u00bb border_radii_tablet=\u00bboff||0px||\u00bb border_radii_phone=\u00bboff||0px||\u00bb border_radii_last_edited=\u00bbon|tablet\u00bb border_radii_button=\u00bbon|5px|5px|5px|5px\u00bb border_width_all_button=\u00bb1px\u00bb border_color_all_button=\u00bb#F3F3F3&#8243; locked=\u00bboff\u00bb global_colors_info=\u00bb{}\u00bb][\/difl_hoverbox][\/et_pb_column][\/et_pb_row][\/et_pb_section][et_pb_section fb_built=\u00bb1&#8243; _builder_version=\u00bb4.16&#8243; _module_preset=\u00bbdefault\u00bb background_color=\u00bb#262453&#8243; background_enable_image=\u00bboff\u00bb custom_padding=\u00bb||||false|false\u00bb da_disable_devices=\u00bboff|off|off\u00bb global_colors_info=\u00bb{}\u00bb da_is_popup=\u00bboff\u00bb da_exit_intent=\u00bboff\u00bb da_has_close=\u00bbon\u00bb da_alt_close=\u00bboff\u00bb da_dark_close=\u00bboff\u00bb da_not_modal=\u00bbon\u00bb da_is_singular=\u00bboff\u00bb da_with_loader=\u00bboff\u00bb da_has_shadow=\u00bbon\u00bb][et_pb_row column_structure=\u00bb1_3,1_3,1_3&#8243; _builder_version=\u00bb4.16&#8243; _module_preset=\u00bbdefault\u00bb global_colors_info=\u00bb{}\u00bb][et_pb_column type=\u00bb1_3&#8243; _builder_version=\u00bb4.16&#8243; _module_preset=\u00bbdefault\u00bb global_colors_info=\u00bb{}\u00bb][et_pb_button button_url=\u00bb\/es\/programa-tu-visita\/\u00bb button_text=\u00bbPrograma tu visita\u00bb button_alignment=\u00bbcenter\u00bb _builder_version=\u00bb4.16&#8243; _module_preset=\u00bbdefault\u00bb custom_padding=\u00bb10px|18px|10px|18px|true|true\u00bb custom_css_main_element=\u00bbwidth:100%;\u00bb global_colors_info=\u00bb{}\u00bb button_bg_color__hover=\u00bb#0098D6&#8243; button_bg_enable_color__hover=\u00bbon\u00bb][\/et_pb_button][\/et_pb_column][et_pb_column type=\u00bb1_3&#8243; _builder_version=\u00bb4.16&#8243; _module_preset=\u00bbdefault\u00bb global_colors_info=\u00bb{}\u00bb][et_pb_button button_url=\u00bb\/es\/admisiones\/\u00bb button_text=\u00bb admisiones\u00bb button_alignment=\u00bbcenter\u00bb _builder_version=\u00bb4.16&#8243; _module_preset=\u00bbdefault\u00bb custom_padding=\u00bb10px|18px|10px|18px|true|true\u00bb custom_css_main_element=\u00bbwidth:100%;\u00bb global_colors_info=\u00bb{}\u00bb button_bg_color__hover=\u00bb#0098D6&#8243; button_bg_enable_color__hover=\u00bbon\u00bb][\/et_pb_button][\/et_pb_column][et_pb_column type=\u00bb1_3&#8243; _builder_version=\u00bb4.16&#8243; _module_preset=\u00bbdefault\u00bb global_colors_info=\u00bb{}\u00bb][et_pb_button button_url=\u00bbhttps:\/\/ksi-bogota.com\/wp-content\/uploads\/tourvr\/index.html\u00bb url_new_window=\u00bbon\u00bb button_text=\u00bb360 recorrido\u00bb button_alignment=\u00bbcenter\u00bb _builder_version=\u00bb4.16&#8243; _module_preset=\u00bbdefault\u00bb custom_padding=\u00bb10px|18px|10px|18px|true|true\u00bb custom_css_main_element=\u00bbwidth:100%;\u00bb global_colors_info=\u00bb{}\u00bb button_bg_color__hover=\u00bb#0098D6&#8243; button_bg_enable_color__hover=\u00bbon\u00bb][\/et_pb_button][\/et_pb_column][\/et_pb_row][\/et_pb_section][et_pb_section fb_built=\u00bb1&#8243; _builder_version=\u00bb4.16&#8243; _module_preset=\u00bbdefault\u00bb background_image=\u00bbhttps:\/\/ksi-bogota.com\/\/wp-content\/uploads\/2022\/06\/botega-calendar-bg-white.jpg\u00bb da_disable_devices=\u00bboff|off|off\u00bb global_colors_info=\u00bb{}\u00bb da_is_popup=\u00bboff\u00bb da_exit_intent=\u00bboff\u00bb da_has_close=\u00bbon\u00bb da_alt_close=\u00bboff\u00bb da_dark_close=\u00bboff\u00bb da_not_modal=\u00bbon\u00bb da_is_singular=\u00bboff\u00bb da_with_loader=\u00bboff\u00bb da_has_shadow=\u00bbon\u00bb][et_pb_row _builder_version=\u00bb4.16&#8243; _module_preset=\u00bbdefault\u00bb global_colors_info=\u00bb{}\u00bb][et_pb_column type=\u00bb4_4&#8243; _builder_version=\u00bb4.16&#8243; _module_preset=\u00bbdefault\u00bb global_colors_info=\u00bb{}\u00bb][et_pb_accordion open_toggle_text_color=\u00bb#B30555&#8243; open_toggle_background_color=\u00bb#F3F3F3&#8243; closed_toggle_text_color=\u00bb#262453&#8243; closed_toggle_background_color=\u00bb#F3F3F3&#8243; icon_color=\u00bb#B30555&#8243; _builder_version=\u00bb4.24.2&#8243; _module_preset=\u00bbdefault\u00bb body_font=\u00bb|300|||||||\u00bb hover_enabled=\u00bb0&#8243; border_radii=\u00bbon|10px|10px|10px|10px\u00bb border_width_all=\u00bb0px\u00bb global_colors_info=\u00bb{}\u00bb sticky_enabled=\u00bb0&#8243;][et_pb_accordion_item title=\u00bb1. Reserve una visita\u00bb open=\u00bbon\u00bb _builder_version=\u00bb4.24.2&#8243; _module_preset=\u00bbdefault\u00bb hover_enabled=\u00bb0&#8243; global_colors_info=\u00bb{}\u00bb sticky_enabled=\u00bb0&#8243;]<\/p>\n<p><span>Las visitas escolares brindan a las familias la oportunidad de reunirse con algunos miembros del comit\u00e9 de admisiones y la Directora del colegio. Nuestros tours son personalizados para satisfacer las necesidades de cada familia. Ofrecemos recorridos uno a uno para brindar ese nivel adicional de servicio para que las familias puedan conocer en detalle y preguntar libremente. Las visitas se pueden reservar llamando al fijo +57 601 7456215, o al WhatsApp +57 315 7006662, o reservando en l\u00ednea.<\/span><\/p>\n<p>[\/et_pb_accordion_item][et_pb_accordion_item title=\u00bb2. \u00danase a un d\u00eda de experiencia en KSI\u00bb _builder_version=\u00bb4.20.1&#8243; _module_preset=\u00bbdefault\u00bb global_colors_info=\u00bb{}\u00bb open=\u00bboff\u00bb]<\/p>\n<p><span>Los d\u00edas de experiencia de KSI son una oportunidad para que los estudiantes conozcan a futuros compa\u00f1eros de clase en un entorno escolar regular. Los alumnos de preescolar y primaria se benefician de un &#8216;D\u00eda de juego&#8217;, que permite a los m\u00e1s peque\u00f1os participar en actividades l\u00fadicas y familiarizarse con su entorno. Los d\u00edas de experiencia de KSI permiten a los estudiantes sumergirse por completo en el entorno de KSI y conocer el campus. Los estudiantes se emparejan con un compa\u00f1ero de clase que los llevar\u00e1 por el colegio.<\/span><\/p>\n<p>[\/et_pb_accordion_item][et_pb_accordion_item title=\u00bb3. Complete el formulario de aplicaci\u00f3n\u00bb _builder_version=\u00bb4.20.1&#8243; _module_preset=\u00bbdefault\u00bb global_colors_info=\u00bb{}\u00bb open=\u00bboff\u00bb]<\/p>\n<p><span>Queremos que el proceso de admisi\u00f3n sea lo m\u00e1s fluido posible. Pedimos a las familias que completen un breve formulario de aplicaci\u00f3n en l\u00ednea para luego coordinar un d\u00eda de experiencia de KSI para el ni\u00f1o.\u00a0\u00a0\u00a0\u00a0\u00a0<\/span><\/p>\n<p>[\/et_pb_accordion_item][et_pb_accordion_item title=\u00bb4. Entrevista de admisi\u00f3n\u00bb _builder_version=\u00bb4.16&#8243; _module_preset=\u00bbdefault\u00bb global_colors_info=\u00bb{}\u00bb open=\u00bboff\u00bb]<\/p>\n<p><span>Todas las posibles familias (padres e hijos) deben asistir a una entrevista de admisi\u00f3n donde se re\u00fanen con el equipo de admisiones para comprender los valores y las expectativas del colegio para el desarrollo de su hijo. A los ni\u00f1os se les har\u00e1n algunas preguntas para evaluar al estudiante y conocerlo mejor.<\/span><\/p>\n<p>[\/et_pb_accordion_item][et_pb_accordion_item title=\u00bb5. Fecha de notificaci\u00f3n de resultados\u00bb _builder_version=\u00bb4.16&#8243; _module_preset=\u00bbdefault\u00bb global_colors_info=\u00bb{}\u00bb open=\u00bboff\u00bb]<\/p>\n<p><span>El comit\u00e9 de admisiones revisar\u00e1 los documentos de aplicaci\u00f3n e informar\u00e1 a la familia sobre los resultados.<\/span><\/p>\n<p>[\/et_pb_accordion_item][\/et_pb_accordion][\/et_pb_column][\/et_pb_row][\/et_pb_section]<\/p>\n","protected":false},"excerpt":{"rendered":"<p><div class=\"et_pb_with_border et_pb_module difl_hoverbox difl_hoverbox_0\">\n\t\t\t\t\n\t\t\t\t\n\t\t\t\t\n\t\t\t\t\n\t\t\t\t\n\t\t\t\t\n\t\t\t\t<div class=\"et_pb_module_inner\">\n\t\t\t\t\t\r\n            <div class=\"df_hb_container\">\r\n                <div class=\"df_hb_background\"><\/div>\r\n                <div class=\"df_hb_inner\">\r\n                    \r\n                <\/div>\r\n            <\/div>\n\t\t\t\t<\/div>\n\t\t\t<\/div>Admisiones abiertas 2023\/24En KSI Bogot\u00e1 [&hellip;]<\/p>\n","protected":false},"author":15,"featured_media":0,"parent":0,"menu_order":0,"comment_status":"closed","ping_status":"closed","template":"","meta":{"_acf_changed":false,"_et_pb_use_builder":"on","_et_pb_old_content":"","_et_gb_content_width":"","footnotes":""},"class_list":["post-275305","page","type-page","status-publish","hentry"],"acf":[],"aioseo_notices":[],"jetpack_sharing_enabled":true,"_links":{"self":[{"href":"https:\/\/ksi-bogota.com\/es\/wp-json\/wp\/v2\/pages\/275305","targetHints":{"allow":["GET"]}}],"collection":[{"href":"https:\/\/ksi-bogota.com\/es\/wp-json\/wp\/v2\/pages"}],"about":[{"href":"https:\/\/ksi-bogota.com\/es\/wp-json\/wp\/v2\/types\/page"}],"author":[{"embeddable":true,"href":"https:\/\/ksi-bogota.com\/es\/wp-json\/wp\/v2\/users\/15"}],"replies":[{"embeddable":true,"href":"https:\/\/ksi-bogota.com\/es\/wp-json\/wp\/v2\/comments?post=275305"}],"version-history":[{"count":4,"href":"https:\/\/ksi-bogota.com\/es\/wp-json\/wp\/v2\/pages\/275305\/revisions"}],"predecessor-version":[{"id":297527,"href":"https:\/\/ksi-bogota.com\/es\/wp-json\/wp\/v2\/pages\/275305\/revisions\/297527"}],"wp:attachment":[{"href":"https:\/\/ksi-bogota.com\/es\/wp-json\/wp\/v2\/media?parent=275305"}],"curies":[{"name":"wp","href":"https:\/\/api.w.org\/{rel}","templated":true}]}}