{"id":275297,"date":"2022-07-07T14:48:51","date_gmt":"2022-07-07T19:48:51","guid":{"rendered":"https:\/\/ksi-bogota.com\/convivencia\/"},"modified":"2024-08-12T11:49:20","modified_gmt":"2024-08-12T16:49:20","slug":"convivencia","status":"publish","type":"page","link":"https:\/\/ksi-bogota.com\/es\/convivencia\/","title":{"rendered":"Convivencia"},"content":{"rendered":"<p>[et_pb_section fb_built=&#8221;1&#8243; fullwidth=&#8221;on&#8221; _builder_version=&#8221;4.16&#8243; _module_preset=&#8221;default&#8221; da_disable_devices=&#8221;off|off|off&#8221; global_colors_info=&#8221;{}&#8221; da_is_popup=&#8221;off&#8221; da_exit_intent=&#8221;off&#8221; da_has_close=&#8221;on&#8221; da_alt_close=&#8221;off&#8221; da_dark_close=&#8221;off&#8221; da_not_modal=&#8221;on&#8221; da_is_singular=&#8221;off&#8221; da_with_loader=&#8221;off&#8221; da_has_shadow=&#8221;on&#8221;][et_pb_fullwidth_slider _builder_version=&#8221;4.24.2&#8243; _module_preset=&#8221;default&#8221; height=&#8221;550px&#8221; height_tablet=&#8221;500px&#8221; height_phone=&#8221;350px&#8221; height_last_edited=&#8221;on|phone&#8221; hover_enabled=&#8221;0&#8243; global_colors_info=&#8221;{}&#8221; sticky_enabled=&#8221;0&#8243;][et_pb_slide _builder_version=&#8221;4.24.2&#8243; _module_preset=&#8221;default&#8221; background_color=&#8221;#262453&#8243; background_enable_color=&#8221;on&#8221; background_image=&#8221;https:\/\/ksi-bogota.com\/\/wp-content\/uploads\/2024\/08\/Well-being.png&#8221; background_enable_image=&#8221;on&#8221; background_position=&#8221;top_center&#8221; global_colors_info=&#8221;{}&#8221; sticky_transition=&#8221;on&#8221;][\/et_pb_slide][\/et_pb_fullwidth_slider][\/et_pb_section][et_pb_section fb_built=&#8221;1&#8243; _builder_version=&#8221;4.16&#8243; _module_preset=&#8221;default&#8221; da_disable_devices=&#8221;off|off|off&#8221; global_colors_info=&#8221;{}&#8221; da_is_popup=&#8221;off&#8221; da_exit_intent=&#8221;off&#8221; da_has_close=&#8221;on&#8221; da_alt_close=&#8221;off&#8221; da_dark_close=&#8221;off&#8221; da_not_modal=&#8221;on&#8221; da_is_singular=&#8221;off&#8221; da_with_loader=&#8221;off&#8221; da_has_shadow=&#8221;on&#8221;][et_pb_row use_custom_gutter=&#8221;on&#8221; make_equal=&#8221;on&#8221; _builder_version=&#8221;4.16&#8243; _module_preset=&#8221;default&#8221; width_tablet=&#8221;80%&#8221; width_phone=&#8221;80%&#8221; width_last_edited=&#8221;on|phone&#8221; custom_padding=&#8221;0px||0px|||&#8221; global_colors_info=&#8221;{}&#8221;][et_pb_column type=&#8221;4_4&#8243; _builder_version=&#8221;4.16&#8243; _module_preset=&#8221;default&#8221; global_colors_info=&#8221;{}&#8221;][et_pb_text _builder_version=&#8221;4.18.0&#8243; _module_preset=&#8221;default&#8221; text_font=&#8221;|600||on|||||&#8221; text_text_color=&#8221;#B30555&#8243; text_font_size=&#8221;12px&#8221; text_letter_spacing=&#8221;1px&#8221; custom_margin=&#8221;||10px||false|false&#8221; global_colors_info=&#8221;{}&#8221;]<\/p>\n<p><span>BIENVENIDO A NUESTRO MUNDO<\/span><\/p>\n<p>[\/et_pb_text][et_pb_text _builder_version=&#8221;4.18.0&#8243; _module_preset=&#8221;default&#8221; custom_margin=&#8221;||10px||false|false&#8221; global_colors_info=&#8221;{}&#8221;]<\/p>\n<h1>Convivencia<\/h1>\n<p>[\/et_pb_text][\/et_pb_column][\/et_pb_row][et_pb_row column_structure=&#8221;3_5,2_5&#8243; _builder_version=&#8221;4.16&#8243; _module_preset=&#8221;default&#8221; custom_padding=&#8221;0px||||false|false&#8221; global_colors_info=&#8221;{}&#8221;][et_pb_column type=&#8221;3_5&#8243; _builder_version=&#8221;4.16&#8243; _module_preset=&#8221;default&#8221; global_colors_info=&#8221;{}&#8221;][et_pb_text _builder_version=&#8221;4.18.0&#8243; _module_preset=&#8221;default&#8221; text_font=&#8221;|300|||||||&#8221; global_colors_info=&#8221;{}&#8221;]<\/p>\n<p><span>Los colegios KSI proporcionan un ambiente c\u00e1lido y de apoyo que permite a cada estudiante desarrollarse en un ambiente sano, seguro, comprometido y retador. El tama\u00f1o de los grupos de clases es peque\u00f1o para que todos los integrantes\u00a0del personal conozcan a los estudiantes y \u00e9stos se sientan c\u00f3modos para acercarse a cualquier miembro\u00a0de KSI en caso que necesiten hacerlo. Adicionalmente, KSI Bogot\u00e1 cuenta con un consejero escolar de tiempo completo para abordar las inquietudes de orientaci\u00f3n requeridas por nuestros estudiantes.<\/span><\/p>\n<p>[\/et_pb_text][et_pb_accordion open_toggle_text_color=&#8221;#B30555&#8243; open_toggle_background_color=&#8221;#F3F3F3&#8243; closed_toggle_text_color=&#8221;#262453&#8243; closed_toggle_background_color=&#8221;#F3F3F3&#8243; icon_color=&#8221;#B30555&#8243; _builder_version=&#8221;4.18.0&#8243; _module_preset=&#8221;default&#8221; body_font=&#8221;|300|||||||&#8221; border_radii=&#8221;on|10px|10px|10px|10px&#8221; border_width_all=&#8221;0px&#8221; global_colors_info=&#8221;{}&#8221;][et_pb_accordion_item title=&#8221;Clases de LIFE&#8221; open=&#8221;on&#8221; _builder_version=&#8221;4.18.0&#8243; _module_preset=&#8221;default&#8221; global_colors_info=&#8221;{}&#8221;]<\/p>\n<p><span>Nuestros estudiantes de Recepci\u00f3n a a\u00f1o 11 reciben sesiones de clase de LIFE (Aprendiendo sobre interacciones, sentimientos y emociones) una vez por ciclo. Las clases LIFE son un esfuerzo de colaboraci\u00f3n entre los maestros de aula, los directivos escolares y el consejero escolar, para brindar herramientas a los estudiantes en su proceso formativo; lo cual se facilita por el tama\u00f1o de los grupos y el apoyo \u00a0de varios miembros del personal que intervienen en este proyecto, permitiendo que el colegio sea receptivo y \u00e1gil cuando se trata de tomar medidas preventivas para abordar importantes problemas sociales y emocionales con nuestros estudiantes.<\/span><\/p>\n<p>[\/et_pb_accordion_item][et_pb_accordion_item title=&#8221;Convivencias&#8221; _builder_version=&#8221;4.18.0&#8243; _module_preset=&#8221;default&#8221; global_colors_info=&#8221;{}&#8221; open=&#8221;off&#8221;]<\/p>\n<div id=\"content\" class=\"cell large-9\">\n<div class=\"center-region\">\n<div id=\"block-system-main\" class=\"block block-system\">\n<div class=\"content\">\n<article id=\"node-114\" class=\"node node-page clearfix\">\n<div class=\"content\">\n<p><span>La interacci\u00f3n entre profesores y alumnos dentro de un grupo es esencial. Cuando los estudiantes est\u00e1n bien adaptados, colaboran bien y generan relaciones positivas y saludables entre ellos y con sus profesores, esto crea una atm\u00f3sfera que promueve resultados de aprendizaje m\u00e1s s\u00f3lidos. Adem\u00e1s de las clases LIFE, los estudiantes en todos los niveles de grado y grupos participan en actividades de convivencia regulares. Las actividades de convivencia son generalmente actividades de todo el d\u00eda en las que estudiantes y profesores participan y trabajan en habilidades de trabajo en equipo y fortalecen a\u00fan m\u00e1s su v\u00ednculo, de modo que estas conexiones y habilidades se puedan traducir al aula.<\/span><\/p>\n<\/div>\n<\/article>\n<\/div>\n<\/div>\n<\/div>\n<\/div>\n<p>[\/et_pb_accordion_item][et_pb_accordion_item title=&#8221;Talleres Para Padres&#8221; _builder_version=&#8221;4.18.0&#8243; _module_preset=&#8221;default&#8221; global_colors_info=&#8221;{}&#8221; open=&#8221;off&#8221;]<\/p>\n<p>Las sesiones de Talleres para Padres en el Colegio KSI Bogot\u00e1 se desarrollan para fortalecer nuestra comprensi\u00f3n de la familia como el entorno fundamental de aprendizaje de la persona. Los padres son, entonces, los principales maestros de sus hijos, y es nuestro objetivo brindarles las herramientas y conocimientos necesarios para el \u00e9xito.<\/p>\n<p>Estas son las sesiones que se llevaron a cabo en el curso acad\u00e9mico 2022-2023, en modalidad de conferencia virtual para la comunidad KSI.<\/p>\n<p>[\/et_pb_accordion_item][et_pb_accordion_item title=&#8221;CAS&#8221; _builder_version=&#8221;4.18.0&#8243; _module_preset=&#8221;default&#8221; global_colors_info=&#8221;{}&#8221; open=&#8221;off&#8221;]<\/p>\n<p>Creatividad, Actividad y Servicio es uno de los elementos esenciales que todo alumno debe completar como parte del Programa del Diploma (PD). Permite a los estudiantes mejorar su desarrollo personal e interpersonal aprendiendo a trav\u00e9s de la experiencia.<\/p>\n<p>Queremos que los estudiantes se involucren con el programa social y apoyen a los estudiantes que forman parte de \u00e9l con sus proyectos de CAS, siendo emp\u00e1ticos y ayud\u00e1ndolos a tomar contacto con la situaci\u00f3n del pa\u00eds.<\/p>\n<p>Estudiado a lo largo de Year 12 y Year 13 (DP), CAS involucra a los alumnos en una variedad de actividades junto con sus estudios acad\u00e9micos.<\/p>\n<p>Creatividad: artes y otras experiencias que involucran el pensamiento creativo.<\/p>\n<p>Actividad: esfuerzo f\u00edsico que contribuye a un estilo de vida saludable y complementa el trabajo acad\u00e9mico en otras partes del PD.<br \/>Servicio: un intercambio no remunerado y voluntario que tiene un beneficio de aprendizaje para el estudiante. Se respetan los derechos, la dignidad y la autonom\u00eda de todos los implicados.<\/p>\n<p>Para demostrar estos conceptos, los alumnos deben realizar un proyecto de CAS. El proyecto desaf\u00eda a los estudiantes a:<\/p>\n<p>mostrar iniciativa<br \/>demostrar perseverancia<br \/>desarrollar habilidades como la colaboraci\u00f3n, la resoluci\u00f3n de problemas y la toma de decisiones.<\/p>\n<p>Un buen programa de CAS debe ser desafiante y agradable: un viaje personal de autodescubrimiento. Cada estudiante tiene un punto de partida diferente y, por lo tanto, objetivos y necesidades diferentes, pero para muchos sus actividades de CAS incluyen experiencias que son profundas y que cambian la vida.<\/p>\n<p>Tutoriales<\/p>\n<p>Queremos brindar la mejor educaci\u00f3n posible y mantener a nuestros estudiantes al d\u00eda con sus compa\u00f1eros de clase. Durante el horario escolar ofrecemos la posibilidad de realizar tutor\u00edas con nuestros profesores, ayudando a los alumnos a sentirse seguros en el aula. Nuestro principal objetivo es que se sientan apoyados y felices en la escuela.<\/p>\n<p>[\/et_pb_accordion_item][et_pb_accordion_item title=&#8221;Casas&#8221; _builder_version=&#8221;4.18.0&#8243; _module_preset=&#8221;default&#8221; global_colors_info=&#8221;{}&#8221; open=&#8221;off&#8221;]<\/p>\n<p>El Sistema de Casas est\u00e1 dise\u00f1ado para representar los valores y la \u00e9tica de la Escuela. Una \u2018Casa\u2019 es una gran familia dentro del Colegio y su prop\u00f3sito es promover el esp\u00edritu escolar, desarrollar y fortalecer el C\u00d3DIGO KSI y nutrir el bienestar a trav\u00e9s de diferentes actividades realizadas durante el a\u00f1o acad\u00e9mico.<\/p>\n<p>Es una oportunidad de integraci\u00f3n para todos los miembros de la comunidad educativa.<\/p>\n<p>Una vez que eres miembro de una casa, perteneces a ella hasta el final de tu vida escolar. Como equipo, se apoyar\u00e1n mutuamente, enfrentar\u00e1n diversos desaf\u00edos, disfrutar\u00e1n de las victorias, aprender\u00e1n a hacer lo mejor para el beneficio del grupo y experimentar\u00e1n la importancia de ser miembro de un equipo.<\/p>\n<p>EL SISTEMA HOUSE PERMITIR\u00c1 A LOS ESTUDIANTES DE KSI DEMOSTRAR SUS FORTALEZAS EN DIFERENTES \u00c1REAS:<\/p>\n<ul>\n<li>Actividades acad\u00e9micas: debates, concursos, etc.<\/li>\n<li>Concursos art\u00edsticos: Presentaciones de canto, teatro, pintura.<\/li>\n<li>Deportes: atletismo, f\u00fatbol, \u200b\u200bvoleibol.<\/li>\n<\/ul>\n<p>[\/et_pb_accordion_item][et_pb_accordion_item title=&#8221;Enriquecimiento del Eprendizaje&#8221; _builder_version=&#8221;4.18.0&#8243; _module_preset=&#8221;default&#8221; global_colors_info=&#8221;{}&#8221; open=&#8221;off&#8221;]<\/p>\n<p><strong>Programa de ingl\u00e9s y espa\u00f1ol como segundo idioma (ESL):<\/strong><\/p>\n<p>Los estudiantes que vienen de otros pa\u00edses y\/o de otras escuelas a veces tienen dificultades debido a la transici\u00f3n y adaptaci\u00f3n a una escuela de habla inglesa dentro de un pa\u00eds de habla hispana. En KSI queremos que nuestros estudiantes se sientan seguros y puedan comunicarse sin barreras. Durante el horario escolar, ofrecemos ingl\u00e9s y espa\u00f1ol como segundo idioma, para ayudar a esos estudiantes a mantenerse al d\u00eda con sus compa\u00f1eros de clase. Despu\u00e9s del proceso de adaptaci\u00f3n, si a\u00fan se requiere el ESL, ofrecemos el servicio como un extra<\/p>\n<p>&#8211; Administrador de casos<\/p>\n<p>En KSI, sabemos que cada ni\u00f1o aprende a diferentes ritmos y de diferentes maneras. Es por eso que brindamos a los estudiantes y padres una variedad de habilidades y apoyo en la escuela para prosperar en las materias y los problemas con los que est\u00e1n luchando.<\/p>\n<p>Nuestro neuropsic\u00f3logo estar\u00e1 atento a cada estudiante, ayud\u00e1ndolos a tener \u00e9xito en el aspecto acad\u00e9mico.<\/p>\n<p>[\/et_pb_accordion_item][\/et_pb_accordion][\/et_pb_column][et_pb_column type=&#8221;2_5&#8243; _builder_version=&#8221;4.16&#8243; _module_preset=&#8221;default&#8221; global_colors_info=&#8221;{}&#8221;][et_pb_image src=&#8221;https:\/\/ksi-bogota.com\/\/wp-content\/uploads\/2024\/08\/Well-being-picture.png&#8221; title_text=&#8221;Well-being picture&#8221; _builder_version=&#8221;4.24.2&#8243; _module_preset=&#8221;default&#8221; border_radii=&#8221;off|50px|||&#8221; global_colors_info=&#8221;{}&#8221;][\/et_pb_image][et_pb_image src=&#8221;https:\/\/ksi-bogota.com\/\/wp-content\/uploads\/2022\/09\/GPTS-LogoBack@4x.png&#8221; title_text=&#8221;GPTS LogoBack@4x&#8221; _builder_version=&#8221;4.18.0&#8243; _module_preset=&#8221;default&#8221; width=&#8221;30%&#8221; global_colors_info=&#8221;{}&#8221;][\/et_pb_image][\/et_pb_column][\/et_pb_row][\/et_pb_section]<\/p>\n","protected":false},"excerpt":{"rendered":"<p>BIENVENIDO A NUESTRO MUNDOConvivenciaLos colegios KSI proporcionan un ambiente c\u00e1lido y de apoyo que permite a cada estudiante desarrollarse en un ambiente sano, seguro, comprometido y retador. El tama\u00f1o de [&hellip;]<\/p>\n","protected":false},"author":15,"featured_media":0,"parent":0,"menu_order":0,"comment_status":"closed","ping_status":"closed","template":"","meta":{"_acf_changed":false,"nf_dc_page":"","_et_pb_use_builder":"on","_et_pb_old_content":"","_et_gb_content_width":"","om_disable_all_campaigns":false,"_monsterinsights_skip_tracking":false,"_monsterinsights_sitenote_active":false,"_monsterinsights_sitenote_note":"","_monsterinsights_sitenote_category":0,"footnotes":""},"class_list":["post-275297","page","type-page","status-publish","hentry"],"acf":[],"aioseo_notices":[],"jetpack_sharing_enabled":true,"_links":{"self":[{"href":"https:\/\/ksi-bogota.com\/es\/wp-json\/wp\/v2\/pages\/275297","targetHints":{"allow":["GET"]}}],"collection":[{"href":"https:\/\/ksi-bogota.com\/es\/wp-json\/wp\/v2\/pages"}],"about":[{"href":"https:\/\/ksi-bogota.com\/es\/wp-json\/wp\/v2\/types\/page"}],"author":[{"embeddable":true,"href":"https:\/\/ksi-bogota.com\/es\/wp-json\/wp\/v2\/users\/15"}],"replies":[{"embeddable":true,"href":"https:\/\/ksi-bogota.com\/es\/wp-json\/wp\/v2\/comments?post=275297"}],"version-history":[{"count":3,"href":"https:\/\/ksi-bogota.com\/es\/wp-json\/wp\/v2\/pages\/275297\/revisions"}],"predecessor-version":[{"id":297472,"href":"https:\/\/ksi-bogota.com\/es\/wp-json\/wp\/v2\/pages\/275297\/revisions\/297472"}],"wp:attachment":[{"href":"https:\/\/ksi-bogota.com\/es\/wp-json\/wp\/v2\/media?parent=275297"}],"curies":[{"name":"wp","href":"https:\/\/api.w.org\/{rel}","templated":true}]}}