{"id":275295,"date":"2022-07-07T14:08:54","date_gmt":"2022-07-07T19:08:54","guid":{"rendered":"https:\/\/ksi-bogota.com\/actividades-co-curriculares\/"},"modified":"2025-08-19T10:10:17","modified_gmt":"2025-08-19T15:10:17","slug":"actividades-co-curriculares","status":"publish","type":"page","link":"https:\/\/ksi-bogota.com\/es\/actividades-co-curriculares\/","title":{"rendered":"Actividades co-curriculares"},"content":{"rendered":"<p>[et_pb_section fb_built=\u00bb1&#8243; fullwidth=\u00bbon\u00bb _builder_version=\u00bb4.16&#8243; _module_preset=\u00bbdefault\u00bb da_disable_devices=\u00bboff|off|off\u00bb global_colors_info=\u00bb{}\u00bb da_is_popup=\u00bboff\u00bb da_exit_intent=\u00bboff\u00bb da_has_close=\u00bbon\u00bb da_alt_close=\u00bboff\u00bb da_dark_close=\u00bboff\u00bb da_not_modal=\u00bbon\u00bb da_is_singular=\u00bboff\u00bb da_with_loader=\u00bboff\u00bb da_has_shadow=\u00bbon\u00bb][et_pb_fullwidth_slider _builder_version=\u00bb4.24.2&#8243; _module_preset=\u00bbdefault\u00bb height=\u00bb550px\u00bb height_tablet=\u00bb500px\u00bb height_phone=\u00bb350px\u00bb height_last_edited=\u00bbon|phone\u00bb global_colors_info=\u00bb{}\u00bb][et_pb_slide _builder_version=\u00bb4.24.2&#8243; _module_preset=\u00bbdefault\u00bb background_color=\u00bb#262453&#8243; background_enable_color=\u00bbon\u00bb background_image=\u00bbhttps:\/\/ksi-bogota.com\/\/wp-content\/uploads\/2024\/08\/SPORTS-DAY_54-scaled.jpg\u00bb background_enable_image=\u00bbon\u00bb background_position=\u00bbbottom_center\u00bb global_colors_info=\u00bb{}\u00bb sticky_transition=\u00bbon\u00bb][\/et_pb_slide][\/et_pb_fullwidth_slider][\/et_pb_section][et_pb_section fb_built=\u00bb1&#8243; _builder_version=\u00bb4.16&#8243; _module_preset=\u00bbdefault\u00bb da_disable_devices=\u00bboff|off|off\u00bb global_colors_info=\u00bb{}\u00bb da_is_popup=\u00bboff\u00bb da_exit_intent=\u00bboff\u00bb da_has_close=\u00bbon\u00bb da_alt_close=\u00bboff\u00bb da_dark_close=\u00bboff\u00bb da_not_modal=\u00bbon\u00bb da_is_singular=\u00bboff\u00bb da_with_loader=\u00bboff\u00bb da_has_shadow=\u00bbon\u00bb][et_pb_row column_structure=\u00bb1_2,1_2&#8243; use_custom_gutter=\u00bbon\u00bb make_equal=\u00bbon\u00bb _builder_version=\u00bb4.16&#8243; _module_preset=\u00bbdefault\u00bb width_tablet=\u00bb80%\u00bb width_phone=\u00bb80%\u00bb width_last_edited=\u00bbon|phone\u00bb custom_padding=\u00bb0px||0px|||\u00bb global_colors_info=\u00bb{}\u00bb][et_pb_column type=\u00bb1_2&#8243; _builder_version=\u00bb4.16&#8243; _module_preset=\u00bbdefault\u00bb global_colors_info=\u00bb{}\u00bb][et_pb_text _builder_version=\u00bb4.18.0&#8243; _module_preset=\u00bbdefault\u00bb text_font=\u00bb|600||on|||||\u00bb text_text_color=\u00bb#B30555&#8243; text_font_size=\u00bb12px\u00bb text_letter_spacing=\u00bb1px\u00bb custom_margin=\u00bb||10px||false|false\u00bb global_colors_info=\u00bb{}\u00bb]<\/p>\n<p><span>PLAN DE ESTUDIOS EXTRA<\/span><\/p>\n<p>[\/et_pb_text][et_pb_text _builder_version=\u00bb4.18.0&#8243; _module_preset=\u00bbdefault\u00bb custom_margin=\u00bb||10px||false|false\u00bb global_colors_info=\u00bb{}\u00bb]<\/p>\n<h1>Actividades co-curriculares.<\/h1>\n<p>[\/et_pb_text][\/et_pb_column][et_pb_column type=\u00bb1_2&#8243; _builder_version=\u00bb4.16&#8243; _module_preset=\u00bbdefault\u00bb custom_padding=\u00bb|150px|||false|false\u00bb custom_padding_tablet=\u00bb|0px|||false|false\u00bb custom_padding_phone=\u00bb|0px|||false|false\u00bb custom_padding_last_edited=\u00bbon|phone\u00bb custom_css_main_element=\u00bbmargin:auto;\u00bb global_colors_info=\u00bb{}\u00bb][\/et_pb_column][\/et_pb_row][et_pb_row column_structure=\u00bb3_5,2_5&#8243; make_equal=\u00bbon\u00bb _builder_version=\u00bb4.18.0&#8243; _module_preset=\u00bbdefault\u00bb custom_padding=\u00bb0px|||||\u00bb global_colors_info=\u00bb{}\u00bb][et_pb_column type=\u00bb3_5&#8243; _builder_version=\u00bb4.18.0&#8243; _module_preset=\u00bbdefault\u00bb custom_css_main_element=\u00bbmargin:auto;\u00bb global_colors_info=\u00bb{}\u00bb][et_pb_text _builder_version=\u00bb4.18.0&#8243; _module_preset=\u00bbdefault\u00bb text_font=\u00bb|300|||||||\u00bb header_2_text_color=\u00bb#B30555&#8243; global_colors_info=\u00bb{}\u00bb]<\/p>\n<h2>Primaria<strong><br \/><\/strong><\/h2>\n<p>Los estudiantes de primaria participan en sesiones de 10 semanas de actividades co-curriculares por a\u00f1o escolar. Las actividades co-curriculares se llevan a cabo un d\u00eda durante los \u00faltimos 90 minutos de la jornada escolar y son una oportunidad para enriquecer y diversificar las experiencias de aprendizaje de los estudiantes.<\/p>\n<p>Los estudiantes pueden elegir dos actividades para participar en cada sesi\u00f3n de 10 semanas de actividades como:<\/p>\n<p>[\/et_pb_text][\/et_pb_column][et_pb_column type=\u00bb2_5&#8243; _builder_version=\u00bb4.16&#8243; _module_preset=\u00bbdefault\u00bb global_colors_info=\u00bb{}\u00bb][et_pb_image src=\u00bbhttps:\/\/ksi-bogota.com\/\/wp-content\/uploads\/2024\/08\/Cierre-co-curriculares-2024-mayo_42-scaled.jpg\u00bb title_text=\u00bbJOSPINA\u00bb _builder_version=\u00bb4.24.2&#8243; _module_preset=\u00bbdefault\u00bb border_radii=\u00bboff|50px|||\u00bb global_colors_info=\u00bb{}\u00bb][\/et_pb_image][\/et_pb_column][\/et_pb_row][et_pb_row column_structure=\u00bb1_4,1_4,1_4,1_4&#8243; _builder_version=\u00bb4.24.2&#8243; _module_preset=\u00bbdefault\u00bb global_colors_info=\u00bb{}\u00bb][et_pb_column type=\u00bb1_4&#8243; _builder_version=\u00bb4.24.2&#8243; _module_preset=\u00bbdefault\u00bb global_colors_info=\u00bb{}\u00bb][difl_advanced_blurb title=\u00bbLego\u00bb blurb_icon_enable=\u00bbon\u00bb blurb_icon=\u00bb&#xf61f;||fa||900&#8243; blurb_icon_color=\u00bb#B30555&#8243; icon_size=\u00bb30px\u00bb image_icon_alignment=\u00bbcenter\u00bb _builder_version=\u00bb4.27.4&#8243; _module_preset=\u00bbdefault\u00bb title_text_align=\u00bbcenter\u00bb background_color=\u00bb#F3F3F3&#8243; custom_padding=\u00bb10px|20px|5px|20px|false|false\u00bb hover_enabled=\u00bb0&#8243; border_radii=\u00bbon|10px|10px|10px|10px\u00bb global_colors_info=\u00bb{}\u00bb sticky_enabled=\u00bb0&#8243;][\/difl_advanced_blurb][\/et_pb_column][et_pb_column type=\u00bb1_4&#8243; _builder_version=\u00bb4.24.2&#8243; _module_preset=\u00bbdefault\u00bb global_colors_info=\u00bb{}\u00bb][difl_advanced_blurb title=\u00bbBMX\u00bb blurb_icon_enable=\u00bbon\u00bb blurb_icon=\u00bb&#xf206;||fa||900&#8243; blurb_icon_color=\u00bb#B30555&#8243; icon_size=\u00bb30px\u00bb image_icon_alignment=\u00bbcenter\u00bb _builder_version=\u00bb4.27.4&#8243; _module_preset=\u00bbdefault\u00bb title_text_align=\u00bbcenter\u00bb background_color=\u00bb#F3F3F3&#8243; custom_padding=\u00bb10px|20px|5px|20px|false|false\u00bb hover_enabled=\u00bb0&#8243; border_radii=\u00bbon|10px|10px|10px|10px\u00bb global_colors_info=\u00bb{}\u00bb sticky_enabled=\u00bb0&#8243;][\/difl_advanced_blurb][\/et_pb_column][et_pb_column type=\u00bb1_4&#8243; _builder_version=\u00bb4.24.2&#8243; _module_preset=\u00bbdefault\u00bb global_colors_info=\u00bb{}\u00bb][difl_advanced_blurb title=\u00bbF\u00fatbol\u00bb blurb_icon_enable=\u00bbon\u00bb blurb_icon=\u00bb&#xf1e3;||fa||900&#8243; blurb_icon_color=\u00bb#B30555&#8243; icon_size=\u00bb30px\u00bb image_icon_alignment=\u00bbcenter\u00bb _builder_version=\u00bb4.27.4&#8243; _module_preset=\u00bbdefault\u00bb title_text_align=\u00bbcenter\u00bb background_color=\u00bb#F3F3F3&#8243; custom_padding=\u00bb10px|20px|5px|20px|false|false\u00bb hover_enabled=\u00bb0&#8243; border_radii=\u00bbon|10px|10px|10px|10px\u00bb global_colors_info=\u00bb{}\u00bb sticky_enabled=\u00bb0&#8243;][\/difl_advanced_blurb][\/et_pb_column][et_pb_column type=\u00bb1_4&#8243; _builder_version=\u00bb4.24.2&#8243; _module_preset=\u00bbdefault\u00bb global_colors_info=\u00bb{}\u00bb][difl_advanced_blurb title=\u00bbPatinaje\u00bb blurb_icon_enable=\u00bbon\u00bb blurb_icon=\u00bb&#xf7c5;||fa||900&#8243; blurb_icon_color=\u00bb#B30555&#8243; icon_size=\u00bb30px\u00bb image_icon_alignment=\u00bbcenter\u00bb _builder_version=\u00bb4.27.4&#8243; _module_preset=\u00bbdefault\u00bb title_text_align=\u00bbcenter\u00bb background_color=\u00bb#F3F3F3&#8243; custom_padding=\u00bb10px|20px|5px|20px|false|false\u00bb hover_enabled=\u00bb0&#8243; border_radii=\u00bbon|10px|10px|10px|10px\u00bb global_colors_info=\u00bb{}\u00bb sticky_enabled=\u00bb0&#8243;][\/difl_advanced_blurb][\/et_pb_column][\/et_pb_row][et_pb_row column_structure=\u00bb1_3,1_3,1_3&#8243; _builder_version=\u00bb4.24.2&#8243; _module_preset=\u00bbdefault\u00bb global_colors_info=\u00bb{}\u00bb][et_pb_column type=\u00bb1_3&#8243; _builder_version=\u00bb4.24.2&#8243; _module_preset=\u00bbdefault\u00bb global_colors_info=\u00bb{}\u00bb][difl_advanced_blurb title=\u00bbEquitaci\u00f3n\u00bb blurb_icon_enable=\u00bbon\u00bb blurb_icon=\u00bb&#xf6f0;||fa||900&#8243; blurb_icon_color=\u00bb#B30555&#8243; icon_size=\u00bb30px\u00bb image_icon_alignment=\u00bbcenter\u00bb _builder_version=\u00bb4.27.4&#8243; _module_preset=\u00bbdefault\u00bb title_text_align=\u00bbcenter\u00bb background_color=\u00bb#F3F3F3&#8243; custom_padding=\u00bb10px|20px|5px|20px|false|false\u00bb hover_enabled=\u00bb0&#8243; border_radii=\u00bbon|10px|10px|10px|10px\u00bb global_colors_info=\u00bb{}\u00bb sticky_enabled=\u00bb0&#8243;][\/difl_advanced_blurb][\/et_pb_column][et_pb_column type=\u00bb1_3&#8243; _builder_version=\u00bb4.24.2&#8243; _module_preset=\u00bbdefault\u00bb global_colors_info=\u00bb{}\u00bb][difl_advanced_blurb title=\u00bbArte\u00bb blurb_icon_enable=\u00bbon\u00bb blurb_icon=\u00bb&#xf1fc;||fa||900&#8243; blurb_icon_color=\u00bb#B30555&#8243; icon_size=\u00bb30px\u00bb image_icon_alignment=\u00bbcenter\u00bb _builder_version=\u00bb4.27.4&#8243; _module_preset=\u00bbdefault\u00bb title_text_align=\u00bbcenter\u00bb background_color=\u00bb#F3F3F3&#8243; custom_padding=\u00bb10px|20px|5px|20px|false|false\u00bb hover_enabled=\u00bb0&#8243; border_radii=\u00bbon|10px|10px|10px|10px\u00bb global_colors_info=\u00bb{}\u00bb sticky_enabled=\u00bb0&#8243;][\/difl_advanced_blurb][\/et_pb_column][et_pb_column type=\u00bb1_3&#8243; _builder_version=\u00bb4.24.2&#8243; _module_preset=\u00bbdefault\u00bb global_colors_info=\u00bb{}\u00bb][difl_advanced_blurb title=\u00bbPorras\u00bb blurb_icon_enable=\u00bbon\u00bb blurb_icon=\u00bb&#xf1ae;||fa||900&#8243; blurb_icon_color=\u00bb#B30555&#8243; icon_size=\u00bb30px\u00bb image_icon_alignment=\u00bbcenter\u00bb _builder_version=\u00bb4.27.4&#8243; _module_preset=\u00bbdefault\u00bb title_text_align=\u00bbcenter\u00bb background_color=\u00bb#F3F3F3&#8243; custom_padding=\u00bb10px|20px|5px|20px|false|false\u00bb hover_enabled=\u00bb0&#8243; border_radii=\u00bbon|10px|10px|10px|10px\u00bb global_colors_info=\u00bb{}\u00bb sticky_enabled=\u00bb0&#8243;][\/difl_advanced_blurb][\/et_pb_column][\/et_pb_row][\/et_pb_section][et_pb_section fb_built=\u00bb1&#8243; _builder_version=\u00bb4.16&#8243; _module_preset=\u00bbdefault\u00bb background_enable_image=\u00bboff\u00bb parallax=\u00bbon\u00bb parallax_method=\u00bboff\u00bb height_tablet=\u00bb\u00bb height_phone=\u00bb\u00bb height_last_edited=\u00bbon|tablet\u00bb custom_padding=\u00bb0px||0px||false|false\u00bb da_disable_devices=\u00bboff|off|off\u00bb global_colors_info=\u00bb{}\u00bb da_is_popup=\u00bboff\u00bb da_exit_intent=\u00bboff\u00bb da_has_close=\u00bbon\u00bb da_alt_close=\u00bboff\u00bb da_dark_close=\u00bboff\u00bb da_not_modal=\u00bbon\u00bb da_is_singular=\u00bboff\u00bb da_with_loader=\u00bboff\u00bb da_has_shadow=\u00bbon\u00bb][et_pb_row _builder_version=\u00bb4.16&#8243; _module_preset=\u00bbdefault\u00bb width=\u00bb100%\u00bb max_width=\u00bb100%\u00bb custom_padding=\u00bb0px||0px||false|false\u00bb global_colors_info=\u00bb{}\u00bb][et_pb_column type=\u00bb4_4&#8243; _builder_version=\u00bb4.16&#8243; _module_preset=\u00bbdefault\u00bb global_colors_info=\u00bb{}\u00bb][difl_imageaccordion event_type=\u00bbmouseover\u00bb _builder_version=\u00bb4.24.2&#8243; _module_preset=\u00bbdefault\u00bb global_colors_info=\u00bb{}\u00bb event_type__hover=\u00bb1px||||false|false\u00bb event_type__hover_enabled=\u00bbon|hover\u00bb][difl_imageaccordionitem ia_image_background_image=\u00bbhttps:\/\/ksi-bogota.com\/\/wp-content\/uploads\/2024\/08\/Co-curriculars-carrusel-2.png\u00bb ia_button_button_url_new_window=\u00bb1&#8243; _builder_version=\u00bb4.24.2&#8243; _module_preset=\u00bbdefault\u00bb global_colors_info=\u00bb{}\u00bb][\/difl_imageaccordionitem][difl_imageaccordionitem ia_image_background_image=\u00bbhttps:\/\/ksi-bogota.com\/\/wp-content\/uploads\/2024\/08\/Co-curriculars-carrusel-3.png\u00bb ia_button_button_url_new_window=\u00bb1&#8243; _builder_version=\u00bb4.24.2&#8243; _module_preset=\u00bbdefault\u00bb global_colors_info=\u00bb{}\u00bb][\/difl_imageaccordionitem][difl_imageaccordionitem ia_image_background_image=\u00bbhttps:\/\/ksi-bogota.com\/\/wp-content\/uploads\/2024\/08\/Co-curriculars-carrusel-4.png\u00bb ia_button_button_url_new_window=\u00bb1&#8243; _builder_version=\u00bb4.24.2&#8243; _module_preset=\u00bbdefault\u00bb global_colors_info=\u00bb{}\u00bb][\/difl_imageaccordionitem][difl_imageaccordionitem ia_image_background_image=\u00bbhttps:\/\/ksi-bogota.com\/\/wp-content\/uploads\/2024\/08\/Co-curriculars-carrusel-5.png\u00bb ia_button_button_url_new_window=\u00bb1&#8243; _builder_version=\u00bb4.24.2&#8243; _module_preset=\u00bbdefault\u00bb global_colors_info=\u00bb{}\u00bb][\/difl_imageaccordionitem][difl_imageaccordionitem ia_image_background_image=\u00bbhttps:\/\/ksi-bogota.com\/\/wp-content\/uploads\/2024\/08\/Co-curriculars-carrusel-7-2.png\u00bb ia_button_button_url_new_window=\u00bb1&#8243; _builder_version=\u00bb4.24.2&#8243; _module_preset=\u00bbdefault\u00bb global_colors_info=\u00bb{}\u00bb][\/difl_imageaccordionitem][difl_imageaccordionitem ia_image_background_image=\u00bbhttps:\/\/ksi-bogota.com\/\/wp-content\/uploads\/2024\/08\/Co-curriculars-carrusel-1.png\u00bb ia_button_button_url_new_window=\u00bb1&#8243; _builder_version=\u00bb4.24.2&#8243; _module_preset=\u00bbdefault\u00bb global_colors_info=\u00bb{}\u00bb][\/difl_imageaccordionitem][difl_imageaccordionitem ia_image_background_image=\u00bbhttps:\/\/ksi-bogota.com\/\/wp-content\/uploads\/2024\/08\/Co-curriculars-carrusel-7.png\u00bb ia_button_button_url_new_window=\u00bb1&#8243; _builder_version=\u00bb4.24.2&#8243; _module_preset=\u00bbdefault\u00bb global_colors_info=\u00bb{}\u00bb][\/difl_imageaccordionitem][\/difl_imageaccordion][\/et_pb_column][\/et_pb_row][\/et_pb_section][et_pb_section fb_built=\u00bb1&#8243; _builder_version=\u00bb4.16&#8243; _module_preset=\u00bbdefault\u00bb background_enable_color=\u00bboff\u00bb background_enable_image=\u00bboff\u00bb da_disable_devices=\u00bboff|off|off\u00bb global_colors_info=\u00bb{}\u00bb da_is_popup=\u00bboff\u00bb da_exit_intent=\u00bboff\u00bb da_has_close=\u00bbon\u00bb da_alt_close=\u00bboff\u00bb da_dark_close=\u00bboff\u00bb da_not_modal=\u00bbon\u00bb da_is_singular=\u00bboff\u00bb da_with_loader=\u00bboff\u00bb da_has_shadow=\u00bbon\u00bb][et_pb_row column_structure=\u00bb2_5,3_5&#8243; make_equal=\u00bbon\u00bb _builder_version=\u00bb4.18.0&#8243; _module_preset=\u00bbdefault\u00bb custom_padding=\u00bb0px|||||\u00bb global_colors_info=\u00bb{}\u00bb][et_pb_column type=\u00bb2_5&#8243; _builder_version=\u00bb4.16&#8243; _module_preset=\u00bbdefault\u00bb global_colors_info=\u00bb{}\u00bb][et_pb_image src=\u00bbhttps:\/\/ksi-bogota.com\/wp-content\/uploads\/2024\/08\/Co-curricular-secondary-photo.png\u00bb title_text=\u00bbCo-curricular secondary photo\u00bb _builder_version=\u00bb4.24.2&#8243; _module_preset=\u00bbdefault\u00bb border_radii=\u00bboff|50px|||\u00bb global_colors_info=\u00bb{}\u00bb][\/et_pb_image][\/et_pb_column][et_pb_column type=\u00bb3_5&#8243; _builder_version=\u00bb4.18.0&#8243; _module_preset=\u00bbdefault\u00bb custom_css_main_element=\u00bbmargin:auto;\u00bb global_colors_info=\u00bb{}\u00bb][et_pb_text _builder_version=\u00bb4.18.0&#8243; _module_preset=\u00bbdefault\u00bb text_font=\u00bb|300|||||||\u00bb header_2_text_color=\u00bb#B30555&#8243; global_colors_info=\u00bb{}\u00bb]<\/p>\n<h2>Secundaria<strong><br \/>\n<\/strong><\/h2>\n<p><span>KSIB\u00a0hace\u00a0parte de la Asociaci\u00f3n de Colegios Biling\u00fces (ACB), una red de colegios con caracter\u00edsticas similares; KSIB participa regularmente en festivales, torneos y competencias\u00a0organizadas por dicha asociaci\u00f3n.<\/span><br \/>\n<span>Los estudiantes de secundaria tienen una variedad de actividades despu\u00e9s de la jornada para elegir y participar, como:\u00a0<\/span>[\/et_pb_text][\/et_pb_column][\/et_pb_row][et_pb_row column_structure=\u00bb1_4,1_4,1_4,1_4&#8243; _builder_version=\u00bb4.24.2&#8243; _module_preset=\u00bbdefault\u00bb global_colors_info=\u00bb{}\u00bb][et_pb_column type=\u00bb1_4&#8243; _builder_version=\u00bb4.24.2&#8243; _module_preset=\u00bbdefault\u00bb global_colors_info=\u00bb{}\u00bb][difl_advanced_blurb title=\u00bbMUN\u00bb blurb_icon_enable=\u00bbon\u00bb blurb_icon=\u00bb&#xf518;||fa||900&#8243; blurb_icon_color=\u00bb#B30555&#8243; icon_size=\u00bb30px\u00bb image_icon_alignment=\u00bbcenter\u00bb _builder_version=\u00bb4.27.4&#8243; _module_preset=\u00bbdefault\u00bb title_text_align=\u00bbcenter\u00bb background_color=\u00bb#F3F3F3&#8243; custom_padding=\u00bb10px|20px|5px|20px|false|false\u00bb hover_enabled=\u00bb0&#8243; border_radii=\u00bbon|10px|10px|10px|10px\u00bb global_colors_info=\u00bb{}\u00bb sticky_enabled=\u00bb0&#8243;][\/difl_advanced_blurb][\/et_pb_column][et_pb_column type=\u00bb1_4&#8243; _builder_version=\u00bb4.24.2&#8243; _module_preset=\u00bbdefault\u00bb global_colors_info=\u00bb{}\u00bb][difl_advanced_blurb title=\u00bbVolleyball\u00bb blurb_icon_enable=\u00bbon\u00bb blurb_icon=\u00bb&#xf45f;||fa||900&#8243; blurb_icon_color=\u00bb#B30555&#8243; icon_size=\u00bb30px\u00bb image_icon_alignment=\u00bbcenter\u00bb _builder_version=\u00bb4.24.2&#8243; _module_preset=\u00bbdefault\u00bb title_text_align=\u00bbcenter\u00bb background_color=\u00bb#F3F3F3&#8243; custom_padding=\u00bb10px|20px|5px|20px|false|false\u00bb border_radii=\u00bbon|10px|10px|10px|10px\u00bb global_colors_info=\u00bb{}\u00bb][\/difl_advanced_blurb][\/et_pb_column][et_pb_column type=\u00bb1_4&#8243; _builder_version=\u00bb4.24.2&#8243; _module_preset=\u00bbdefault\u00bb global_colors_info=\u00bb{}\u00bb][difl_advanced_blurb title=\u00bbFootball\u00bb blurb_icon_enable=\u00bbon\u00bb blurb_icon=\u00bb&#xf1e3;||fa||900&#8243; blurb_icon_color=\u00bb#B30555&#8243; icon_size=\u00bb30px\u00bb image_icon_alignment=\u00bbcenter\u00bb _builder_version=\u00bb4.24.2&#8243; _module_preset=\u00bbdefault\u00bb title_text_align=\u00bbcenter\u00bb background_color=\u00bb#F3F3F3&#8243; custom_padding=\u00bb10px|20px|5px|20px|false|false\u00bb border_radii=\u00bbon|10px|10px|10px|10px\u00bb global_colors_info=\u00bb{}\u00bb][\/difl_advanced_blurb][\/et_pb_column][et_pb_column type=\u00bb1_4&#8243; _builder_version=\u00bb4.24.2&#8243; _module_preset=\u00bbdefault\u00bb global_colors_info=\u00bb{}\u00bb][difl_advanced_blurb title=\u00bbBasketball\u00bb blurb_icon_enable=\u00bbon\u00bb blurb_icon=\u00bb&#xf434;||fa||900&#8243; blurb_icon_color=\u00bb#B30555&#8243; icon_size=\u00bb30px\u00bb image_icon_alignment=\u00bbcenter\u00bb _builder_version=\u00bb4.24.2&#8243; _module_preset=\u00bbdefault\u00bb title_text_align=\u00bbcenter\u00bb background_color=\u00bb#F3F3F3&#8243; custom_padding=\u00bb10px|20px|5px|20px|false|false\u00bb border_radii=\u00bbon|10px|10px|10px|10px\u00bb global_colors_info=\u00bb{}\u00bb][\/difl_advanced_blurb][\/et_pb_column][\/et_pb_row][et_pb_row column_structure=\u00bb1_4,1_4,1_4,1_4&#8243; _builder_version=\u00bb4.24.2&#8243; _module_preset=\u00bbdefault\u00bb global_colors_info=\u00bb{}\u00bb][et_pb_column type=\u00bb1_4&#8243; _builder_version=\u00bb4.24.2&#8243; _module_preset=\u00bbdefault\u00bb global_colors_info=\u00bb{}\u00bb][difl_advanced_blurb title=\u00bbBanda\u00bb blurb_icon_enable=\u00bbon\u00bb blurb_icon=\u00bb&#xf7a6;||fa||900&#8243; blurb_icon_color=\u00bb#B30555&#8243; icon_size=\u00bb30px\u00bb image_icon_alignment=\u00bbcenter\u00bb _builder_version=\u00bb4.27.4&#8243; _module_preset=\u00bbdefault\u00bb title_text_align=\u00bbcenter\u00bb background_color=\u00bb#F3F3F3&#8243; custom_padding=\u00bb10px|20px|5px|20px|false|false\u00bb hover_enabled=\u00bb0&#8243; border_radii=\u00bbon|10px|10px|10px|10px\u00bb global_colors_info=\u00bb{}\u00bb sticky_enabled=\u00bb0&#8243;][\/difl_advanced_blurb][\/et_pb_column][et_pb_column type=\u00bb1_4&#8243; _builder_version=\u00bb4.24.2&#8243; _module_preset=\u00bbdefault\u00bb global_colors_info=\u00bb{}\u00bb][difl_advanced_blurb title=\u00bbLiderazgo\u00bb blurb_icon_enable=\u00bbon\u00bb blurb_icon=\u00bb&#xf091;||fa||900&#8243; blurb_icon_color=\u00bb#B30555&#8243; icon_size=\u00bb30px\u00bb image_icon_alignment=\u00bbcenter\u00bb _builder_version=\u00bb4.27.4&#8243; _module_preset=\u00bbdefault\u00bb title_text_align=\u00bbcenter\u00bb background_color=\u00bb#F3F3F3&#8243; custom_padding=\u00bb10px|20px|5px|20px|false|false\u00bb hover_enabled=\u00bb0&#8243; border_radii=\u00bbon|10px|10px|10px|10px\u00bb global_colors_info=\u00bb{}\u00bb sticky_enabled=\u00bb0&#8243;][\/difl_advanced_blurb][\/et_pb_column][et_pb_column type=\u00bb1_4&#8243; _builder_version=\u00bb4.24.2&#8243; _module_preset=\u00bbdefault\u00bb global_colors_info=\u00bb{}\u00bb][difl_advanced_blurb title=\u00bbFranc\u00e9s\u00bb blurb_icon_enable=\u00bbon\u00bb blurb_icon=\u00bb&#xf57e;||fa||900&#8243; blurb_icon_color=\u00bb#B30555&#8243; icon_size=\u00bb30px\u00bb image_icon_alignment=\u00bbcenter\u00bb _builder_version=\u00bb4.27.4&#8243; _module_preset=\u00bbdefault\u00bb title_text_align=\u00bbcenter\u00bb background_color=\u00bb#F3F3F3&#8243; custom_padding=\u00bb10px|20px|5px|20px|false|false\u00bb hover_enabled=\u00bb0&#8243; border_radii=\u00bbon|10px|10px|10px|10px\u00bb global_colors_info=\u00bb{}\u00bb sticky_enabled=\u00bb0&#8243;][\/difl_advanced_blurb][\/et_pb_column][et_pb_column type=\u00bb1_4&#8243; _builder_version=\u00bb4.24.2&#8243; _module_preset=\u00bbdefault\u00bb global_colors_info=\u00bb{}\u00bb][difl_advanced_blurb title=\u00bbEquitaci\u00f3n\u00bb blurb_icon_enable=\u00bbon\u00bb blurb_icon=\u00bb&#xf6f0;||fa||900&#8243; blurb_icon_color=\u00bb#B30555&#8243; icon_size=\u00bb30px\u00bb image_icon_alignment=\u00bbcenter\u00bb _builder_version=\u00bb4.27.4&#8243; _module_preset=\u00bbdefault\u00bb title_text_align=\u00bbcenter\u00bb background_color=\u00bb#F3F3F3&#8243; custom_padding=\u00bb10px|20px|5px|20px|false|false\u00bb hover_enabled=\u00bb0&#8243; border_radii=\u00bbon|10px|10px|10px|10px\u00bb global_colors_info=\u00bb{}\u00bb sticky_enabled=\u00bb0&#8243;][\/difl_advanced_blurb][\/et_pb_column][\/et_pb_row][\/et_pb_section]<\/p>\n","protected":false},"excerpt":{"rendered":"<p>PLAN DE ESTUDIOS EXTRAActividades co-curriculares.Primaria Los estudiantes de primaria participan en sesiones de 10 semanas de actividades co-curriculares por a\u00f1o escolar. Las actividades co-curriculares se llevan a cabo un d\u00eda [&hellip;]<\/p>\n","protected":false},"author":15,"featured_media":0,"parent":0,"menu_order":0,"comment_status":"closed","ping_status":"closed","template":"","meta":{"_acf_changed":false,"_et_pb_use_builder":"on","_et_pb_old_content":"","_et_gb_content_width":"","footnotes":""},"class_list":["post-275295","page","type-page","status-publish","hentry"],"acf":[],"aioseo_notices":[],"jetpack_sharing_enabled":true,"_links":{"self":[{"href":"https:\/\/ksi-bogota.com\/es\/wp-json\/wp\/v2\/pages\/275295","targetHints":{"allow":["GET"]}}],"collection":[{"href":"https:\/\/ksi-bogota.com\/es\/wp-json\/wp\/v2\/pages"}],"about":[{"href":"https:\/\/ksi-bogota.com\/es\/wp-json\/wp\/v2\/types\/page"}],"author":[{"embeddable":true,"href":"https:\/\/ksi-bogota.com\/es\/wp-json\/wp\/v2\/users\/15"}],"replies":[{"embeddable":true,"href":"https:\/\/ksi-bogota.com\/es\/wp-json\/wp\/v2\/comments?post=275295"}],"version-history":[{"count":7,"href":"https:\/\/ksi-bogota.com\/es\/wp-json\/wp\/v2\/pages\/275295\/revisions"}],"predecessor-version":[{"id":314889,"href":"https:\/\/ksi-bogota.com\/es\/wp-json\/wp\/v2\/pages\/275295\/revisions\/314889"}],"wp:attachment":[{"href":"https:\/\/ksi-bogota.com\/es\/wp-json\/wp\/v2\/media?parent=275295"}],"curies":[{"name":"wp","href":"https:\/\/api.w.org\/{rel}","templated":true}]}}