{"id":275285,"date":"2022-07-07T11:11:11","date_gmt":"2022-07-07T16:11:11","guid":{"rendered":"https:\/\/ksi-bogota.com\/comunidad\/"},"modified":"2024-08-12T09:16:16","modified_gmt":"2024-08-12T14:16:16","slug":"comunidad","status":"publish","type":"page","link":"https:\/\/ksi-bogota.com\/es\/comunidad\/","title":{"rendered":"Comunidad"},"content":{"rendered":"<p>[et_pb_section fb_built=\u00bb1&#8243; fullwidth=\u00bbon\u00bb _builder_version=\u00bb4.16&#8243; _module_preset=\u00bbdefault\u00bb da_disable_devices=\u00bboff|off|off\u00bb global_colors_info=\u00bb{}\u00bb da_is_popup=\u00bboff\u00bb da_exit_intent=\u00bboff\u00bb da_has_close=\u00bbon\u00bb da_alt_close=\u00bboff\u00bb da_dark_close=\u00bboff\u00bb da_not_modal=\u00bbon\u00bb da_is_singular=\u00bboff\u00bb da_with_loader=\u00bboff\u00bb da_has_shadow=\u00bbon\u00bb][et_pb_fullwidth_slider _builder_version=\u00bb4.24.2&#8243; _module_preset=\u00bbdefault\u00bb height=\u00bb550px\u00bb height_tablet=\u00bb500px\u00bb height_phone=\u00bb350px\u00bb height_last_edited=\u00bbon|phone\u00bb global_colors_info=\u00bb{}\u00bb][et_pb_slide _builder_version=\u00bb4.24.2&#8243; _module_preset=\u00bbdefault\u00bb background_color=\u00bb#262453&#8243; background_enable_color=\u00bbon\u00bb background_image=\u00bbhttps:\/\/ksi-bogota.com\/\/wp-content\/uploads\/2024\/08\/Community.png\u00bb background_enable_image=\u00bbon\u00bb global_colors_info=\u00bb{}\u00bb sticky_transition=\u00bbon\u00bb][\/et_pb_slide][\/et_pb_fullwidth_slider][\/et_pb_section][et_pb_section fb_built=\u00bb1&#8243; _builder_version=\u00bb4.16&#8243; _module_preset=\u00bbdefault\u00bb da_disable_devices=\u00bboff|off|off\u00bb global_colors_info=\u00bb{}\u00bb da_is_popup=\u00bboff\u00bb da_exit_intent=\u00bboff\u00bb da_has_close=\u00bbon\u00bb da_alt_close=\u00bboff\u00bb da_dark_close=\u00bboff\u00bb da_not_modal=\u00bbon\u00bb da_is_singular=\u00bboff\u00bb da_with_loader=\u00bboff\u00bb da_has_shadow=\u00bbon\u00bb][et_pb_row column_structure=\u00bb1_2,1_2&#8243; use_custom_gutter=\u00bbon\u00bb make_equal=\u00bbon\u00bb _builder_version=\u00bb4.16&#8243; _module_preset=\u00bbdefault\u00bb width_tablet=\u00bb80%\u00bb width_phone=\u00bb80%\u00bb width_last_edited=\u00bbon|phone\u00bb custom_padding=\u00bb0px||0px|||\u00bb global_colors_info=\u00bb{}\u00bb][et_pb_column type=\u00bb1_2&#8243; _builder_version=\u00bb4.16&#8243; _module_preset=\u00bbdefault\u00bb global_colors_info=\u00bb{}\u00bb][et_pb_text _builder_version=\u00bb4.16&#8243; _module_preset=\u00bbdefault\u00bb text_font=\u00bb|600||on|||||\u00bb text_text_color=\u00bb#B30555&#8243; text_font_size=\u00bb12px\u00bb text_letter_spacing=\u00bb1px\u00bb custom_margin=\u00bb||10px||false|false\u00bb global_colors_info=\u00bb{}\u00bb]BIENVENIDO A NUESTRO MUNDO[\/et_pb_text][et_pb_text _builder_version=\u00bb4.16&#8243; _module_preset=\u00bbdefault\u00bb custom_margin=\u00bb||10px||false|false\u00bb global_colors_info=\u00bb{}\u00bb]<\/p>\n<h1>Comunidad<\/h1>\n<p>[\/et_pb_text][\/et_pb_column][et_pb_column type=\u00bb1_2&#8243; _builder_version=\u00bb4.16&#8243; _module_preset=\u00bbdefault\u00bb custom_padding=\u00bb|150px|||false|false\u00bb custom_padding_tablet=\u00bb|0px|||false|false\u00bb custom_padding_phone=\u00bb|0px|||false|false\u00bb custom_padding_last_edited=\u00bbon|phone\u00bb custom_css_main_element=\u00bbmargin:auto;\u00bb global_colors_info=\u00bb{}\u00bb][\/et_pb_column][\/et_pb_row][et_pb_row _builder_version=\u00bb4.16&#8243; _module_preset=\u00bbdefault\u00bb custom_padding=\u00bb||||false|false\u00bb global_colors_info=\u00bb{}\u00bb][et_pb_column type=\u00bb4_4&#8243; _builder_version=\u00bb4.16&#8243; _module_preset=\u00bbdefault\u00bb global_colors_info=\u00bb{}\u00bb][et_pb_accordion open_toggle_text_color=\u00bb#B30555&#8243; open_toggle_background_color=\u00bb#F3F3F3&#8243; closed_toggle_text_color=\u00bb#262453&#8243; closed_toggle_background_color=\u00bb#F3F3F3&#8243; icon_color=\u00bb#B30555&#8243; _builder_version=\u00bb4.16&#8243; _module_preset=\u00bbdefault\u00bb body_font=\u00bb|300|||||||\u00bb border_radii=\u00bbon|10px|10px|10px|10px\u00bb border_width_all=\u00bb0px\u00bb global_colors_info=\u00bb{}\u00bb][et_pb_accordion_item title=\u00bbPrograma social\u00bb open=\u00bbon\u00bb _builder_version=\u00bb4.16&#8243; _module_preset=\u00bbdefault\u00bb global_colors_info=\u00bb{}\u00bb]<\/p>\n<p><span>KSIB ha dirigido un programa educacional para ni\u00f1os de escasos recursos econ\u00f3micos dentro del campus escolar. La mayor\u00eda de estos estudiantes son hijos de trabajadores que laboran en las granjas y viveros cercanos. KSIB se enorgullece de apoyar a estas familias ofreci\u00e9ndoles un programa de tiempo completo, donde pueden acceder a una educaci\u00f3n de alta calidad\u00a0dentro de nuestro campus, mientras comparten con los estudiantes de KSIB.<\/span><\/p>\n<p>[\/et_pb_accordion_item][et_pb_accordion_item title=\u00bbAsociaci\u00f3n de padres\u00bb _builder_version=\u00bb4.16&#8243; _module_preset=\u00bbdefault\u00bb global_colors_info=\u00bb{}\u00bb open=\u00bboff\u00bb]<\/p>\n<p><span>KSIB se enorgullece de tener una asociaci\u00f3n de padres activa, ASOKSI. ASOKSI ayuda al colegio con la planeaci\u00f3n de eventos especiales como el D\u00eda de la Familia y apoya tambi\u00e9n a trav\u00e9s de la recaudaci\u00f3n de fondos que designan para proyectos o iniciativas de mejora espec\u00edficos. Los proyectos recientes de ASOKSI incluyen su ayuda financiera en el techado de pasillos y la instalaci\u00f3n de c\u00e1maras de seguridad adicionales.<\/span><\/p>\n<p>[\/et_pb_accordion_item][et_pb_accordion_item title=\u00bbParticipaci\u00f3n de los padres\u00bb _builder_version=\u00bb4.16&#8243; _module_preset=\u00bbdefault\u00bb global_colors_info=\u00bb{}\u00bb open=\u00bboff\u00bb]<\/p>\n<p>Creemos que los colegios m\u00e1s exitosos tienen relaciones s\u00f3lidas entre profesores, administradores y padres. Adem\u00e1s de las oportunidades para involucrarse con ASOKSI, el colegio organiza regularmente conferencias de capacitaci\u00f3n y orientaci\u00f3n para padres sobre temas que abarcan desde la alfabetizaci\u00f3n en la primera infancia, el uso adecuado de la tecnolog\u00eda en el hogar y temas relacionados con el abuso de sustancias, h\u00e1bitos de estudio hasta el proceso de ingreso de los hijos a la universidad.<\/p>\n<p>El colegio tambi\u00e9n lleva a cabo conferencias de padres y profesores (PTC) despu\u00e9s de cada env\u00edo de informes de calificaciones para que los padres se re\u00fanan con los profesores y hagan preguntas sobre el progreso de sus hijos. Realizamos sesiones regulares de \u00abCafecito con el Director\u201d con el equipo de liderazgo para que los padres conozcan las \u00faltimas mejoras del colegio y tengan la oportunidad de hacer preguntas sobre la administraci\u00f3n.<\/p>\n<p>The school also holds parent-teacher conferences after each report card distribution so that parents can meet with teachers and ask questions about their child\u2019s progress. Regular coffee morning sessions with the leadership team are also held in order for parents to understand the latest developments at the school and to ask any questions to the school administration.<\/p>\n<p>[\/et_pb_accordion_item][et_pb_accordion_item title=\u00bbAcreditaci\u00f3n y afiliaciones\u00bb _builder_version=\u00bb4.16&#8243; _module_preset=\u00bbdefault\u00bb global_colors_info=\u00bb{}\u00bb open=\u00bboff\u00bb]<\/p>\n<p>La acreditaci\u00f3n es una parte importante de nuestro proceso de mejora cont\u00ednua y garantiza que nuestros estudiantes puedan participar en los programas acad\u00e9micos de la m\u00e1s alta calidad. KSIB est\u00e1 acreditada por los siguientes organismos.<\/p>\n<ul>\n<li>Programa de la Escuela Primaria (PEP) de la Organizaci\u00f3n del Bachillerato Internacional.<\/li>\n<li>Programa del Diploma (DP) de la Organizaci\u00f3n del Bachillerato Internacional.<\/li>\n<li>Ministerio colombiano de Educaci\u00f3n<\/li>\n<li>Certificaci\u00f3n de Calidad ICONTEC ISO 9001: 2015<\/li>\n<li>Los Mejores Colegios<\/li>\n<li>Asociaci\u00f3n Andina de Colegios de la Organizaci\u00f3n del Bachillerato Internacional-ACCBI<\/li>\n<\/ul>\n<p>[\/et_pb_accordion_item][\/et_pb_accordion][\/et_pb_column][\/et_pb_row][\/et_pb_section][et_pb_section fb_built=\u00bb1&#8243; _builder_version=\u00bb4.16&#8243; _module_preset=\u00bbdefault\u00bb custom_padding=\u00bb0px||0px|||\u00bb da_disable_devices=\u00bboff|off|off\u00bb global_colors_info=\u00bb{}\u00bb da_is_popup=\u00bboff\u00bb da_exit_intent=\u00bboff\u00bb da_has_close=\u00bbon\u00bb da_alt_close=\u00bboff\u00bb da_dark_close=\u00bboff\u00bb da_not_modal=\u00bbon\u00bb da_is_singular=\u00bboff\u00bb da_with_loader=\u00bboff\u00bb da_has_shadow=\u00bbon\u00bb][et_pb_row _builder_version=\u00bb4.16&#8243; _module_preset=\u00bbdefault\u00bb width=\u00bb100%\u00bb max_width=\u00bb100%\u00bb custom_padding=\u00bb||0px|||\u00bb global_colors_info=\u00bb{}\u00bb][et_pb_column type=\u00bb4_4&#8243; _builder_version=\u00bb4.16&#8243; _module_preset=\u00bbdefault\u00bb global_colors_info=\u00bb{}\u00bb][difl_imageaccordion event_type=\u00bbmouseover\u00bb _builder_version=\u00bb4.24.2&#8243; _module_preset=\u00bbdefault\u00bb hover_enabled=\u00bb0&#8243; global_colors_info=\u00bb{}\u00bb event_type__hover=\u00bb1px||||false|false\u00bb event_type__hover_enabled=\u00bbon|hover\u00bb sticky_enabled=\u00bb0&#8243;][difl_imageaccordionitem ia_image_background_image=\u00bbhttps:\/\/ksi-bogota.com\/wp-content\/uploads\/2024\/08\/Community-Carrusel-1.png\u00bb ia_button_button_url_new_window=\u00bb1&#8243; _builder_version=\u00bb4.24.2&#8243; _module_preset=\u00bbdefault\u00bb hover_enabled=\u00bb0&#8243; global_colors_info=\u00bb{}\u00bb title_text=\u00bbCommunity Carrusel 1&#8243; sticky_enabled=\u00bb0&#8243;][\/difl_imageaccordionitem][difl_imageaccordionitem ia_image_background_image=\u00bbhttps:\/\/ksi-bogota.com\/\/wp-content\/uploads\/2024\/08\/Community-Carrusel-2.png\u00bb ia_button_button_url_new_window=\u00bb1&#8243; _builder_version=\u00bb4.24.2&#8243; _module_preset=\u00bbdefault\u00bb global_colors_info=\u00bb{}\u00bb][\/difl_imageaccordionitem][difl_imageaccordionitem ia_image_background_image=\u00bbhttps:\/\/ksi-bogota.com\/\/wp-content\/uploads\/2024\/08\/Community-Carrusel-3.png\u00bb ia_button_button_url_new_window=\u00bb1&#8243; _builder_version=\u00bb4.24.2&#8243; _module_preset=\u00bbdefault\u00bb global_colors_info=\u00bb{}\u00bb][\/difl_imageaccordionitem][\/difl_imageaccordion][\/et_pb_column][\/et_pb_row][\/et_pb_section]<\/p>\n","protected":false},"excerpt":{"rendered":"<p>BIENVENIDO A NUESTRO MUNDOComunidadKSIB ha dirigido un programa educacional para ni\u00f1os de escasos recursos econ\u00f3micos dentro del campus escolar. La mayor\u00eda de estos estudiantes son hijos de trabajadores que laboran [&hellip;]<\/p>\n","protected":false},"author":15,"featured_media":0,"parent":0,"menu_order":0,"comment_status":"closed","ping_status":"closed","template":"","meta":{"_acf_changed":false,"_et_pb_use_builder":"on","_et_pb_old_content":"","_et_gb_content_width":"","footnotes":""},"class_list":["post-275285","page","type-page","status-publish","hentry"],"acf":[],"aioseo_notices":[],"jetpack_sharing_enabled":true,"_links":{"self":[{"href":"https:\/\/ksi-bogota.com\/es\/wp-json\/wp\/v2\/pages\/275285","targetHints":{"allow":["GET"]}}],"collection":[{"href":"https:\/\/ksi-bogota.com\/es\/wp-json\/wp\/v2\/pages"}],"about":[{"href":"https:\/\/ksi-bogota.com\/es\/wp-json\/wp\/v2\/types\/page"}],"author":[{"embeddable":true,"href":"https:\/\/ksi-bogota.com\/es\/wp-json\/wp\/v2\/users\/15"}],"replies":[{"embeddable":true,"href":"https:\/\/ksi-bogota.com\/es\/wp-json\/wp\/v2\/comments?post=275285"}],"version-history":[{"count":2,"href":"https:\/\/ksi-bogota.com\/es\/wp-json\/wp\/v2\/pages\/275285\/revisions"}],"predecessor-version":[{"id":297399,"href":"https:\/\/ksi-bogota.com\/es\/wp-json\/wp\/v2\/pages\/275285\/revisions\/297399"}],"wp:attachment":[{"href":"https:\/\/ksi-bogota.com\/es\/wp-json\/wp\/v2\/media?parent=275285"}],"curies":[{"name":"wp","href":"https:\/\/api.w.org\/{rel}","templated":true}]}}