{"id":275276,"date":"2022-07-06T08:22:22","date_gmt":"2022-07-06T13:22:22","guid":{"rendered":"https:\/\/ksi-bogota.com\/director\/"},"modified":"2024-08-12T12:05:59","modified_gmt":"2024-08-12T17:05:59","slug":"director","status":"publish","type":"page","link":"https:\/\/ksi-bogota.com\/es\/director\/","title":{"rendered":"Director"},"content":{"rendered":"<p>[et_pb_section fb_built=\u00bb1&#8243; fullwidth=\u00bbon\u00bb _builder_version=\u00bb4.16&#8243; _module_preset=\u00bbdefault\u00bb da_disable_devices=\u00bboff|off|off\u00bb global_colors_info=\u00bb{}\u00bb da_is_popup=\u00bboff\u00bb da_exit_intent=\u00bboff\u00bb da_has_close=\u00bbon\u00bb da_alt_close=\u00bboff\u00bb da_dark_close=\u00bboff\u00bb da_not_modal=\u00bbon\u00bb da_is_singular=\u00bboff\u00bb da_with_loader=\u00bboff\u00bb da_has_shadow=\u00bbon\u00bb][et_pb_fullwidth_slider _builder_version=\u00bb4.24.2&#8243; _module_preset=\u00bbdefault\u00bb height=\u00bb550px\u00bb height_tablet=\u00bb500px\u00bb height_phone=\u00bb350px\u00bb height_last_edited=\u00bbon|phone\u00bb global_colors_info=\u00bb{}\u00bb][et_pb_slide _builder_version=\u00bb4.24.2&#8243; _module_preset=\u00bbdefault\u00bb background_color=\u00bb#262453&#8243; background_enable_color=\u00bbon\u00bb background_image=\u00bbhttps:\/\/ksi-bogota.com\/\/wp-content\/uploads\/2024\/08\/DSC8573-scaled.jpg\u00bb background_enable_image=\u00bbon\u00bb background_position=\u00bbbottom_center\u00bb global_colors_info=\u00bb{}\u00bb sticky_transition=\u00bbon\u00bb][\/et_pb_slide][\/et_pb_fullwidth_slider][\/et_pb_section][et_pb_section fb_built=\u00bb1&#8243; _builder_version=\u00bb4.16&#8243; _module_preset=\u00bbdefault\u00bb background_enable_image=\u00bboff\u00bb background_size=\u00bbcontain\u00bb da_disable_devices=\u00bboff|off|off\u00bb global_colors_info=\u00bb{}\u00bb da_is_popup=\u00bboff\u00bb da_exit_intent=\u00bboff\u00bb da_has_close=\u00bbon\u00bb da_alt_close=\u00bboff\u00bb da_dark_close=\u00bboff\u00bb da_not_modal=\u00bbon\u00bb da_is_singular=\u00bboff\u00bb da_with_loader=\u00bboff\u00bb da_has_shadow=\u00bbon\u00bb][et_pb_row column_structure=\u00bb1_2,1_2&#8243; use_custom_gutter=\u00bbon\u00bb make_equal=\u00bbon\u00bb _builder_version=\u00bb4.16&#8243; _module_preset=\u00bbdefault\u00bb width_tablet=\u00bb80%\u00bb width_phone=\u00bb80%\u00bb width_last_edited=\u00bboff|desktop\u00bb custom_padding=\u00bb0px||0px|||\u00bb global_colors_info=\u00bb{}\u00bb][et_pb_column type=\u00bb1_2&#8243; _builder_version=\u00bb4.16&#8243; _module_preset=\u00bbdefault\u00bb global_colors_info=\u00bb{}\u00bb][et_pb_text _builder_version=\u00bb4.16&#8243; _module_preset=\u00bbdefault\u00bb text_font=\u00bb|600||on|||||\u00bb text_text_color=\u00bb#B30555&#8243; text_font_size=\u00bb12px\u00bb text_letter_spacing=\u00bb1px\u00bb custom_margin=\u00bb||10px||false|false\u00bb global_colors_info=\u00bb{}\u00bb]BIENVENIDO A NUESTRO MUNDO[\/et_pb_text][et_pb_text _builder_version=\u00bb4.16&#8243; _module_preset=\u00bbdefault\u00bb custom_margin=\u00bb||10px||false|false\u00bb global_colors_info=\u00bb{}\u00bb]<\/p>\n<h1>Bienvenida del Director Ejecutivo.<\/h1>\n<p>[\/et_pb_text][\/et_pb_column][et_pb_column type=\u00bb1_2&#8243; _builder_version=\u00bb4.16&#8243; _module_preset=\u00bbdefault\u00bb custom_padding=\u00bb||||false|false\u00bb custom_padding_tablet=\u00bb|0px|||false|false\u00bb custom_padding_phone=\u00bb|0px|||false|false\u00bb custom_padding_last_edited=\u00bbon|phone\u00bb custom_css_main_element=\u00bbmargin:auto;\u00bb global_colors_info=\u00bb{}\u00bb][\/et_pb_column][\/et_pb_row][et_pb_row column_structure=\u00bb3_5,2_5&#8243; _builder_version=\u00bb4.16&#8243; _module_preset=\u00bbdefault\u00bb custom_padding=\u00bb0px|||||\u00bb global_colors_info=\u00bb{}\u00bb][et_pb_column type=\u00bb3_5&#8243; _builder_version=\u00bb4.16&#8243; _module_preset=\u00bbdefault\u00bb global_colors_info=\u00bb{}\u00bb][et_pb_text _builder_version=\u00bb4.24.2&#8243; _module_preset=\u00bbdefault\u00bb text_font=\u00bb|300|||||||\u00bb hover_enabled=\u00bb0&#8243; global_colors_info=\u00bb{}\u00bb sticky_enabled=\u00bb0&#8243;]<\/p>\n<p>Es con gran orgullo y entusiasmo que les doy la bienvenida a nuestra vibrante y din\u00e1mica comunidad escolar. En Knightsbridge Schools International Bogot\u00e1, creemos que la educaci\u00f3n es la piedra angular del crecimiento personal, y estamos comprometidos a nutrir el potencial \u00fanico dentro de cada estudiante.<br \/>Nuestra escuela es m\u00e1s que un lugar de aprendizaje; es un ambiente de apoyo donde se estimula la curiosidad, se fomenta la creatividad y se construye el car\u00e1cter. Nos esforzamos por crear una cultura de excelencia en la que los alumnos se sientan inspirados para alcanzar su m\u00e1ximo potencial, tanto acad\u00e9mico como personal.<br \/>Nuestro dedicado personal docente y administrativo se apasiona por ofrecer una educaci\u00f3n de alta calidad que desaf\u00ede a los estudiantes a pensar de forma cr\u00edtica, a trabajar en colaboraci\u00f3n y a actuar con integridad. Ofrecemos un plan de estudios amplio y equilibrado, enriquecido con actividades extracurriculares, para garantizar que cada estudiante tenga la oportunidad de explorar sus intereses y desarrollar un amor por el aprendizaje que durar\u00e1 toda la vida.<br \/>Tambi\u00e9n valoramos la estrecha colaboraci\u00f3n que mantenemos con nuestros padres y la comunidad en general. Juntos, creamos una red de apoyo que capacita a nuestros alumnos para prosperar en un mundo que cambia r\u00e1pidamente.<br \/>Te invito a explorar nuestro sitio web para aprender m\u00e1s acerca de los programas, valores y oportunidades que hacen de KSI Bogot\u00e1 un lugar especial. Si usted es un futuro estudiante, una familia actual, o un ex alumno, estamos muy contentos de compartir nuestro viaje con ustedes.<br \/>Gracias por ser parte de la comunidad de Knightsbridge Schools International Bogot\u00e1. Esperamos con ansias los incre\u00edbles logros que alcanzaremos juntos.<br \/>Saludos cordiales,<\/p>\n<p><strong><br \/>Adriana Carvajalino Pinz\u00f3n<\/strong><br \/>Directora ejecutiva<\/p>\n<p>[\/et_pb_text][\/et_pb_column][et_pb_column type=\u00bb2_5&#8243; _builder_version=\u00bb4.16&#8243; _module_preset=\u00bbdefault\u00bb global_colors_info=\u00bb{}\u00bb][et_pb_image src=\u00bbhttps:\/\/ksi-bogota.com\/\/wp-content\/uploads\/2024\/08\/Staff_53-scaled.jpg\u00bb title_text=\u00bbJOSPINA\u00bb _builder_version=\u00bb4.24.2&#8243; _module_preset=\u00bbdefault\u00bb border_radii=\u00bboff|50px|||\u00bb global_colors_info=\u00bb{}\u00bb][\/et_pb_image][\/et_pb_column][\/et_pb_row][\/et_pb_section]<\/p>\n","protected":false},"excerpt":{"rendered":"<p>BIENVENIDO A NUESTRO MUNDOBienvenida del Director Ejecutivo.Es con gran orgullo y entusiasmo que les doy la bienvenida a nuestra vibrante y din\u00e1mica comunidad escolar. En Knightsbridge Schools International Bogot\u00e1, creemos [&hellip;]<\/p>\n","protected":false},"author":15,"featured_media":0,"parent":0,"menu_order":0,"comment_status":"closed","ping_status":"closed","template":"","meta":{"_acf_changed":false,"_et_pb_use_builder":"on","_et_pb_old_content":"","_et_gb_content_width":"","footnotes":""},"class_list":["post-275276","page","type-page","status-publish","hentry"],"acf":[],"aioseo_notices":[],"jetpack_sharing_enabled":true,"_links":{"self":[{"href":"https:\/\/ksi-bogota.com\/es\/wp-json\/wp\/v2\/pages\/275276","targetHints":{"allow":["GET"]}}],"collection":[{"href":"https:\/\/ksi-bogota.com\/es\/wp-json\/wp\/v2\/pages"}],"about":[{"href":"https:\/\/ksi-bogota.com\/es\/wp-json\/wp\/v2\/types\/page"}],"author":[{"embeddable":true,"href":"https:\/\/ksi-bogota.com\/es\/wp-json\/wp\/v2\/users\/15"}],"replies":[{"embeddable":true,"href":"https:\/\/ksi-bogota.com\/es\/wp-json\/wp\/v2\/comments?post=275276"}],"version-history":[{"count":3,"href":"https:\/\/ksi-bogota.com\/es\/wp-json\/wp\/v2\/pages\/275276\/revisions"}],"predecessor-version":[{"id":297496,"href":"https:\/\/ksi-bogota.com\/es\/wp-json\/wp\/v2\/pages\/275276\/revisions\/297496"}],"wp:attachment":[{"href":"https:\/\/ksi-bogota.com\/es\/wp-json\/wp\/v2\/media?parent=275276"}],"curies":[{"name":"wp","href":"https:\/\/api.w.org\/{rel}","templated":true}]}}